{"id":3323,"date":"2022-03-01T11:28:10","date_gmt":"2022-03-09T11:10:11","guid":{"rendered":"https:\/\/kindart.is\/product\/four-poets-accompanied-by-a-priest\/"},"modified":"2022-03-09T11:10:11","modified_gmt":"2022-03-09T11:10:11","slug":"four-poet-in-for-med-priest","status":"publish","type":"product","link":"https:\/\/kindart.is\/en\/vara\/four-poet-in-for-med-priest\/","title":{"rendered":"Four poets accompanied by a priest"},"content":{"rendered":"<p><strong>Four poets accompanied by a priest<\/strong> , a conversation book by Bolli G\u00fastavsson in Lauf\u00e1s.<br \/>\nBragi Sigurj\u00f3nsson<br \/>\nHj\u00f6rtur P\u00e1lsson<br \/>\nHei\u00f0rekur Gu\u00f0mundsson<br \/>\nKristj\u00e1n fr\u00e1 Dj\u00fapal\u00e6k<\/p>\n<p>The book is bound in black synthetic material, alband. Size: 198 pages. 15.5 X 23.5 cm.<\/p>\n<p><strong>Publishing and printing<\/strong> :<br \/>\nB\u00f3ka\u00fatg\u00e1fan Skjaldborg, Akureyri 1978. Bj\u00f6rn J\u00f3nsson&#8217;s printing works in Akureyri.<\/p>\n","protected":false},"excerpt":{"rendered":"<p>Four poets accompanied by a priest , a conversation book by Bolli G\u00fastavsson in Lauf\u00e1s. Bragi Sigurj\u00f3nsson Hj\u00f6rtur P\u00e1lsson Hei\u00f0rekur Gu\u00f0mundsson Kristj\u00e1n fr\u00e1 Dj\u00fapal\u00e6k The book is bound in black synthetic material, alband. Size: 198 pages. 15.5 X 23.5 cm. Publishing and printing : B\u00f3ka\u00fatg\u00e1fan Skjaldborg, Akureyri 1978. Bj\u00f6rn J\u00f3nsson&#8217;s printing works in Akureyri.<\/p>\n","protected":false},"featured_media":3276,"template":"","meta":{"slim_seo":{"title":"Four poets accompanied by a priest - KindArt","description":"Four poets accompanied by a priest , a conversation book by Bolli G\u00fastavsson in Lauf\u00e1s. Bragi Sigurj\u00f3nsson Hj\u00f6rtur P\u00e1lsson Hei\u00f0rekur Gu\u00f0mundsson Kristj\u00e1n fr\u00e1 Dj"}},"product_brand":[],"product_cat":[83],"product_tag":[],"class_list":{"0":"post-3323","1":"product","2":"type-product","3":"status-publish","4":"has-post-thumbnail","6":"product_cat-books","7":"product_shipping_class-small-en","9":"first","10":"instock","11":"sold-individually","12":"purchasable","13":"product-type-simple"},"_links":{"self":[{"href":"https:\/\/kindart.is\/en\/wp-json\/wp\/v2\/product\/3323","targetHints":{"allow":["GET"]}}],"collection":[{"href":"https:\/\/kindart.is\/en\/wp-json\/wp\/v2\/product"}],"about":[{"href":"https:\/\/kindart.is\/en\/wp-json\/wp\/v2\/types\/product"}],"wp:featuredmedia":[{"embeddable":true,"href":"https:\/\/kindart.is\/en\/wp-json\/wp\/v2\/media\/3276"}],"wp:attachment":[{"href":"https:\/\/kindart.is\/en\/wp-json\/wp\/v2\/media?parent=3323"}],"wp:term":[{"taxonomy":"product_brand","embeddable":true,"href":"https:\/\/kindart.is\/en\/wp-json\/wp\/v2\/product_brand?post=3323"},{"taxonomy":"product_cat","embeddable":true,"href":"https:\/\/kindart.is\/en\/wp-json\/wp\/v2\/product_cat?post=3323"},{"taxonomy":"product_tag","embeddable":true,"href":"https:\/\/kindart.is\/en\/wp-json\/wp\/v2\/product_tag?post=3323"}],"curies":[{"name":"wp","href":"https:\/\/api.w.org\/{rel}","templated":true}]}}