{"id":3325,"date":"2022-03-01T11:09:08","date_gmt":"2022-03-09T11:11:16","guid":{"rendered":"https:\/\/kindart.is\/product\/dumb-people\/"},"modified":"2022-03-09T11:11:16","modified_gmt":"2022-03-09T11:11:16","slug":"malleysingjar-2","status":"publish","type":"product","link":"https:\/\/kindart.is\/en\/vara\/malleysingjar-2\/","title":{"rendered":"Dumb people"},"content":{"rendered":"<p><strong>Mute<\/strong> by \u00deorstein Erlingsson. Fairy tales about the animals. 2. version. Photo by author. The book is in a publishing volume, shirtingur on keel and corner, gold on keel. Size: 160 pages. 13 X 18.8 cm.<\/p>\n<p><strong>Publishing and printing<\/strong> :<br \/>\nPublisher: \u00cdsafoldarprentsmi\u00f0ja. Reykjav\u00edk 1951. \u00cdsafoldarprentsm\u00f0ja.<\/p>\n","protected":false},"excerpt":{"rendered":"<p>Mute by \u00deorstein Erlingsson. Fairy tales about the animals. 2. version. Photo by author. The book is in a publishing volume, shirtingur on keel and corner, gold on keel. Size: 160 pages. 13 X 18.8 cm. Publishing and printing : Publisher: \u00cdsafoldarprentsmi\u00f0ja. Reykjav\u00edk 1951. \u00cdsafoldarprentsm\u00f0ja.<\/p>\n","protected":false},"featured_media":3256,"template":"","meta":{"slim_seo":{"title":"Dumb people - KindArt","description":"Mute by \u00deorstein Erlingsson. Fairy tales about the animals. 2. version. Photo by author. The book is in a publishing volume, shirtingur on keel and corner, gold"}},"product_brand":[],"product_cat":[83],"product_tag":[],"class_list":{"0":"post-3325","1":"product","2":"type-product","3":"status-publish","4":"has-post-thumbnail","6":"product_cat-books","7":"product_shipping_class-small-en","9":"first","10":"instock","11":"sold-individually","12":"purchasable","13":"product-type-simple"},"_links":{"self":[{"href":"https:\/\/kindart.is\/en\/wp-json\/wp\/v2\/product\/3325","targetHints":{"allow":["GET"]}}],"collection":[{"href":"https:\/\/kindart.is\/en\/wp-json\/wp\/v2\/product"}],"about":[{"href":"https:\/\/kindart.is\/en\/wp-json\/wp\/v2\/types\/product"}],"wp:featuredmedia":[{"embeddable":true,"href":"https:\/\/kindart.is\/en\/wp-json\/wp\/v2\/media\/3256"}],"wp:attachment":[{"href":"https:\/\/kindart.is\/en\/wp-json\/wp\/v2\/media?parent=3325"}],"wp:term":[{"taxonomy":"product_brand","embeddable":true,"href":"https:\/\/kindart.is\/en\/wp-json\/wp\/v2\/product_brand?post=3325"},{"taxonomy":"product_cat","embeddable":true,"href":"https:\/\/kindart.is\/en\/wp-json\/wp\/v2\/product_cat?post=3325"},{"taxonomy":"product_tag","embeddable":true,"href":"https:\/\/kindart.is\/en\/wp-json\/wp\/v2\/product_tag?post=3325"}],"curies":[{"name":"wp","href":"https:\/\/api.w.org\/{rel}","templated":true}]}}