{"id":3326,"date":"2022-03-01T11:03:06","date_gmt":"2022-03-09T11:11:17","guid":{"rendered":"https:\/\/kindart.is\/product\/poems-aera-tobba\/"},"modified":"2022-03-09T11:11:17","modified_gmt":"2022-03-09T11:11:17","slug":"visur-aera-tobba-2","status":"publish","type":"product","link":"https:\/\/kindart.is\/en\/vara\/visur-aera-tobba-2\/","title":{"rendered":"Poems \u00c6ra Tobba"},"content":{"rendered":"<p><strong>V\u00edsur \u00c6ra Tobba<\/strong> by [\u00deorbj\u00f6rn \u00de\u00f3r\u00f0arson]? Which is said to be up to 17. century? in Iceland. biographies. J\u00f3n fr\u00e1 P\u00e1lmholti collected and prepared for printing. Hringur J\u00f3hannesson illustrated. \u00a9 HJ 1972. The book is small in size, Size: 11.5 X 16.5 cm. Sew and glue in a double cardboard cover. Illustration of both.<\/p>\n<p><strong>Publishing and printing<\/strong> :<br \/>\nPublished by B\u00f3ka\u00fatg\u00e1fan I\u00f0unn Reykjav\u00edk 1974. Printed works: Repr\u00f3 and Prentsmi\u00f0jan Oddi.<\/p>\n","protected":false},"excerpt":{"rendered":"<p>V\u00edsur \u00c6ra Tobba by [\u00deorbj\u00f6rn \u00de\u00f3r\u00f0arson]? Which is said to be up to 17. century? in Iceland. biographies. J\u00f3n fr\u00e1 P\u00e1lmholti collected and prepared for printing. Hringur J\u00f3hannesson illustrated. \u00a9 HJ 1972. The book is small in size, Size: 11.5 X 16.5 cm. Sew and glue in a double cardboard cover. Illustration of both. Publishing [&hellip;]<\/p>\n","protected":false},"featured_media":3250,"template":"","meta":{"slim_seo":{"title":"Poems \u00c6ra Tobba - KindArt","description":"V\u00edsur \u00c6ra Tobba by [\u00deorbj\u00f6rn \u00de\u00f3r\u00f0arson]? Which is said to be up to 17. century? in Iceland. biographies. J\u00f3n fr\u00e1 P\u00e1lmholti collected and prepared for printing."}},"product_brand":[],"product_cat":[83],"product_tag":[],"class_list":{"0":"post-3326","1":"product","2":"type-product","3":"status-publish","4":"has-post-thumbnail","6":"product_cat-books","7":"product_shipping_class-small-en","9":"first","10":"outofstock","11":"sold-individually","12":"purchasable","13":"product-type-simple"},"_links":{"self":[{"href":"https:\/\/kindart.is\/en\/wp-json\/wp\/v2\/product\/3326","targetHints":{"allow":["GET"]}}],"collection":[{"href":"https:\/\/kindart.is\/en\/wp-json\/wp\/v2\/product"}],"about":[{"href":"https:\/\/kindart.is\/en\/wp-json\/wp\/v2\/types\/product"}],"wp:featuredmedia":[{"embeddable":true,"href":"https:\/\/kindart.is\/en\/wp-json\/wp\/v2\/media\/3250"}],"wp:attachment":[{"href":"https:\/\/kindart.is\/en\/wp-json\/wp\/v2\/media?parent=3326"}],"wp:term":[{"taxonomy":"product_brand","embeddable":true,"href":"https:\/\/kindart.is\/en\/wp-json\/wp\/v2\/product_brand?post=3326"},{"taxonomy":"product_cat","embeddable":true,"href":"https:\/\/kindart.is\/en\/wp-json\/wp\/v2\/product_cat?post=3326"},{"taxonomy":"product_tag","embeddable":true,"href":"https:\/\/kindart.is\/en\/wp-json\/wp\/v2\/product_tag?post=3326"}],"curies":[{"name":"wp","href":"https:\/\/api.w.org\/{rel}","templated":true}]}}