{"id":3329,"date":"2022-02-26T15:24:09","date_gmt":"2022-03-09T11:12:58","guid":{"rendered":"https:\/\/kindart.is\/product\/agust-a-hofi-makes-most-people-wander\/"},"modified":"2022-03-09T11:12:58","modified_gmt":"2022-03-09T11:12:58","slug":"agust-a-hofi-laetur-flest-flakka-2","status":"publish","type":"product","link":"https:\/\/kindart.is\/en\/vara\/agust-a-hofi-laetur-flest-flakka-2\/","title":{"rendered":"\u00c1g\u00fast \u00e1 Hofi makes most people wander"},"content":{"rendered":"<p><strong>\u00c1g\u00fast \u00e1 Hofi makes most people wander<\/strong> . Andr\u00e9s Kristj\u00e1nsson optimized.<br \/>\nWith the great men of life in broad settlements. Size: 15.5 X 23.5 cm. Demi size. Publishing band in synthetic materials. Inscribed on keel.<\/p>\n<p><strong>Publishing and printing<\/strong> :<br \/>\nThe book publisher \u00d6rn og \u00d6rlygur. Reykjav\u00edk. 1971. Prentsmi\u00f0jan Vi\u00f0ey and sentence: Prentstofa G.Benediktssonar.<\/p>\n","protected":false},"excerpt":{"rendered":"<p>\u00c1g\u00fast \u00e1 Hofi makes most people wander . Andr\u00e9s Kristj\u00e1nsson optimized. With the great men of life in broad settlements. Size: 15.5 X 23.5 cm. Demi size. Publishing band in synthetic materials. Inscribed on keel. Publishing and printing : The book publisher \u00d6rn og \u00d6rlygur. Reykjav\u00edk. 1971. Prentsmi\u00f0jan Vi\u00f0ey and sentence: Prentstofa G.Benediktssonar.<\/p>\n","protected":false},"featured_media":3234,"template":"","meta":{"slim_seo":{"title":"\u00c1g\u00fast \u00e1 Hofi makes most people wander - KindArt","description":"\u00c1g\u00fast \u00e1 Hofi makes most people wander . Andr\u00e9s Kristj\u00e1nsson optimized. With the great men of life in broad settlements. Size: 15.5 X 23.5 cm. Demi size. Publish"}},"product_brand":[],"product_cat":[83],"product_tag":[],"class_list":{"0":"post-3329","1":"product","2":"type-product","3":"status-publish","4":"has-post-thumbnail","6":"product_cat-books","7":"product_shipping_class-small-en","9":"first","10":"instock","11":"sold-individually","12":"purchasable","13":"product-type-simple"},"_links":{"self":[{"href":"https:\/\/kindart.is\/en\/wp-json\/wp\/v2\/product\/3329","targetHints":{"allow":["GET"]}}],"collection":[{"href":"https:\/\/kindart.is\/en\/wp-json\/wp\/v2\/product"}],"about":[{"href":"https:\/\/kindart.is\/en\/wp-json\/wp\/v2\/types\/product"}],"wp:featuredmedia":[{"embeddable":true,"href":"https:\/\/kindart.is\/en\/wp-json\/wp\/v2\/media\/3234"}],"wp:attachment":[{"href":"https:\/\/kindart.is\/en\/wp-json\/wp\/v2\/media?parent=3329"}],"wp:term":[{"taxonomy":"product_brand","embeddable":true,"href":"https:\/\/kindart.is\/en\/wp-json\/wp\/v2\/product_brand?post=3329"},{"taxonomy":"product_cat","embeddable":true,"href":"https:\/\/kindart.is\/en\/wp-json\/wp\/v2\/product_cat?post=3329"},{"taxonomy":"product_tag","embeddable":true,"href":"https:\/\/kindart.is\/en\/wp-json\/wp\/v2\/product_tag?post=3329"}],"curies":[{"name":"wp","href":"https:\/\/api.w.org\/{rel}","templated":true}]}}