{"id":3330,"date":"2022-02-26T15:19:53","date_gmt":"2022-03-09T11:12:58","guid":{"rendered":"https:\/\/kindart.is\/product\/under-the-flag-of-the-republic\/"},"modified":"2022-03-09T11:12:58","modified_gmt":"2022-03-09T11:12:58","slug":"sub-flag-empire","status":"publish","type":"product","link":"https:\/\/kindart.is\/en\/vara\/sub-flag-empire\/","title":{"rendered":"Under the flag of the Republic"},"content":{"rendered":"<p><strong>Under the flag of the republic<\/strong> by Hallgr\u00edm Hallgr\u00edmsson. Memories of the Spanish War. Cover: J\u00f3n Engilberts. Size: 14 X 19.5 cm. Crown size. The book is sewn and placed in a cardboard cover.<\/p>\n<p><strong>Publishing and printing<\/strong> :<br \/>\nPublisher Bj\u00f6rn Bjarnason. Reykjav\u00edk 1941. Viking print.<\/p>\n","protected":false},"excerpt":{"rendered":"<p>Under the flag of the republic by Hallgr\u00edm Hallgr\u00edmsson. Memories of the Spanish War. Cover: J\u00f3n Engilberts. Size: 14 X 19.5 cm. Crown size. The book is sewn and placed in a cardboard cover. Publishing and printing : Publisher Bj\u00f6rn Bjarnason. Reykjav\u00edk 1941. Viking print.<\/p>\n","protected":false},"featured_media":3228,"template":"","meta":{"slim_seo":{"title":"Under the flag of the Republic - KindArt","description":"Under the flag of the republic by Hallgr\u00edm Hallgr\u00edmsson. Memories of the Spanish War. Cover: J\u00f3n Engilberts. Size: 14 X 19.5 cm. Crown size. The book is sewn an"}},"product_brand":[],"product_cat":[83],"product_tag":[],"class_list":{"0":"post-3330","1":"product","2":"type-product","3":"status-publish","4":"has-post-thumbnail","6":"product_cat-books","7":"product_shipping_class-small-en","9":"first","10":"outofstock","11":"sold-individually","12":"purchasable","13":"product-type-simple"},"_links":{"self":[{"href":"https:\/\/kindart.is\/en\/wp-json\/wp\/v2\/product\/3330","targetHints":{"allow":["GET"]}}],"collection":[{"href":"https:\/\/kindart.is\/en\/wp-json\/wp\/v2\/product"}],"about":[{"href":"https:\/\/kindart.is\/en\/wp-json\/wp\/v2\/types\/product"}],"wp:featuredmedia":[{"embeddable":true,"href":"https:\/\/kindart.is\/en\/wp-json\/wp\/v2\/media\/3228"}],"wp:attachment":[{"href":"https:\/\/kindart.is\/en\/wp-json\/wp\/v2\/media?parent=3330"}],"wp:term":[{"taxonomy":"product_brand","embeddable":true,"href":"https:\/\/kindart.is\/en\/wp-json\/wp\/v2\/product_brand?post=3330"},{"taxonomy":"product_cat","embeddable":true,"href":"https:\/\/kindart.is\/en\/wp-json\/wp\/v2\/product_cat?post=3330"},{"taxonomy":"product_tag","embeddable":true,"href":"https:\/\/kindart.is\/en\/wp-json\/wp\/v2\/product_tag?post=3330"}],"curies":[{"name":"wp","href":"https:\/\/api.w.org\/{rel}","templated":true}]}}