{"id":3331,"date":"2022-02-26T15:13:46","date_gmt":"2022-03-09T11:13:26","guid":{"rendered":"https:\/\/kindart.is\/product\/poetry\/"},"modified":"2022-03-09T11:13:26","modified_gmt":"2022-03-09T11:13:26","slug":"ljodmaeli-2-2","status":"publish","type":"product","link":"https:\/\/kindart.is\/en\/vara\/ljodmaeli-2-2\/","title":{"rendered":"Poetry"},"content":{"rendered":"<p><strong>Poems<\/strong> by \u00d3l\u00edna and Herd\u00eds Andrjesd\u00e6tur: Poems by \u00d3l\u00edna Andrjesd\u00f3ttir, p. 5-116; In cohabitation: 117-124; Poem by Herd\u00eds Andr\u00e9sd\u00f3ttir, pp. 125-170; Headlines: 171-176. The book is hand-bound in rexin keel and corner. Handmade on keel; Size: Crown; Ex Libris: Steinar Berg Bj\u00f6rnsson.<\/p>\n<p><strong>Publishing and printing<\/strong> :<br \/>\nPublisher not mentioned. Reykjav\u00edk 1924. The Gutenberg printing works.<\/p>\n","protected":false},"excerpt":{"rendered":"<p>Poems by \u00d3l\u00edna and Herd\u00eds Andrjesd\u00e6tur: Poems by \u00d3l\u00edna Andrjesd\u00f3ttir, p. 5-116; In cohabitation: 117-124; Poem by Herd\u00eds Andr\u00e9sd\u00f3ttir, pp. 125-170; Headlines: 171-176. The book is hand-bound in rexin keel and corner. Handmade on keel; Size: Crown; Ex Libris: Steinar Berg Bj\u00f6rnsson. Publishing and printing : Publisher not mentioned. Reykjav\u00edk 1924. The Gutenberg printing works.<\/p>\n","protected":false},"featured_media":3222,"template":"","meta":{"slim_seo":{"title":"Poetry - KindArt","description":"Poems by \u00d3l\u00edna and Herd\u00eds Andrjesd\u00e6tur: Poems by \u00d3l\u00edna Andrjesd\u00f3ttir, p. 5-116; In cohabitation: 117-124; Poem by Herd\u00eds Andr\u00e9sd\u00f3ttir, pp. 125-170; Headlines: 1"}},"product_brand":[],"product_cat":[83],"product_tag":[],"class_list":{"0":"post-3331","1":"product","2":"type-product","3":"status-publish","4":"has-post-thumbnail","6":"product_cat-books","7":"product_shipping_class-small-en","9":"first","10":"instock","11":"sold-individually","12":"purchasable","13":"product-type-simple"},"_links":{"self":[{"href":"https:\/\/kindart.is\/en\/wp-json\/wp\/v2\/product\/3331","targetHints":{"allow":["GET"]}}],"collection":[{"href":"https:\/\/kindart.is\/en\/wp-json\/wp\/v2\/product"}],"about":[{"href":"https:\/\/kindart.is\/en\/wp-json\/wp\/v2\/types\/product"}],"wp:featuredmedia":[{"embeddable":true,"href":"https:\/\/kindart.is\/en\/wp-json\/wp\/v2\/media\/3222"}],"wp:attachment":[{"href":"https:\/\/kindart.is\/en\/wp-json\/wp\/v2\/media?parent=3331"}],"wp:term":[{"taxonomy":"product_brand","embeddable":true,"href":"https:\/\/kindart.is\/en\/wp-json\/wp\/v2\/product_brand?post=3331"},{"taxonomy":"product_cat","embeddable":true,"href":"https:\/\/kindart.is\/en\/wp-json\/wp\/v2\/product_cat?post=3331"},{"taxonomy":"product_tag","embeddable":true,"href":"https:\/\/kindart.is\/en\/wp-json\/wp\/v2\/product_tag?post=3331"}],"curies":[{"name":"wp","href":"https:\/\/api.w.org\/{rel}","templated":true}]}}