{"id":3332,"date":"2022-02-26T15:09:14","date_gmt":"2022-03-09T11:13:49","guid":{"rendered":"https:\/\/kindart.is\/product\/icelandic-story-series-i-ii\/"},"modified":"2022-03-09T11:13:49","modified_gmt":"2022-03-09T11:13:49","slug":"islenzkir-sagnathaettir-i-ii-2","status":"publish","type":"product","link":"https:\/\/kindart.is\/en\/vara\/islenzkir-sagnathaettir-i-ii-2\/","title":{"rendered":"Icelandic story series I-II"},"content":{"rendered":"<p><strong>Icelandic story series I-II<\/strong> by Brynj\u00falf J\u00f3nsson from Minna-N\u00fapi. Gu\u00f0ni J\u00f3nsson prepared for printing. Size: Demi size. 13.5 X 21 cm. Tied to a publishing house by B\u00f3kfell. Shirting on keel and corner. Gold on keel.<\/p>\n<p><strong>Publishing and printing<\/strong> :<br \/>\nPublisher: The Cultural and Educational Association of the People. Reykjav\u00edk 1957. Viking print.<\/p>\n","protected":false},"excerpt":{"rendered":"<p>Icelandic story series I-II by Brynj\u00falf J\u00f3nsson from Minna-N\u00fapi. Gu\u00f0ni J\u00f3nsson prepared for printing. Size: Demi size. 13.5 X 21 cm. Tied to a publishing house by B\u00f3kfell. Shirting on keel and corner. Gold on keel. Publishing and printing : Publisher: The Cultural and Educational Association of the People. Reykjav\u00edk 1957. Viking print.<\/p>\n","protected":false},"featured_media":3216,"template":"","meta":{"slim_seo":{"title":"Icelandic story series I-II - KindArt","description":"Icelandic story series I-II by Brynj\u00falf J\u00f3nsson from Minna-N\u00fapi. Gu\u00f0ni J\u00f3nsson prepared for printing. Size: Demi size. 13.5 X 21 cm. Tied to a publishing house"}},"product_brand":[],"product_cat":[83],"product_tag":[],"class_list":{"0":"post-3332","1":"product","2":"type-product","3":"status-publish","4":"has-post-thumbnail","6":"product_cat-books","7":"product_shipping_class-small-en","9":"first","10":"outofstock","11":"sold-individually","12":"purchasable","13":"product-type-simple"},"_links":{"self":[{"href":"https:\/\/kindart.is\/en\/wp-json\/wp\/v2\/product\/3332","targetHints":{"allow":["GET"]}}],"collection":[{"href":"https:\/\/kindart.is\/en\/wp-json\/wp\/v2\/product"}],"about":[{"href":"https:\/\/kindart.is\/en\/wp-json\/wp\/v2\/types\/product"}],"wp:featuredmedia":[{"embeddable":true,"href":"https:\/\/kindart.is\/en\/wp-json\/wp\/v2\/media\/3216"}],"wp:attachment":[{"href":"https:\/\/kindart.is\/en\/wp-json\/wp\/v2\/media?parent=3332"}],"wp:term":[{"taxonomy":"product_brand","embeddable":true,"href":"https:\/\/kindart.is\/en\/wp-json\/wp\/v2\/product_brand?post=3332"},{"taxonomy":"product_cat","embeddable":true,"href":"https:\/\/kindart.is\/en\/wp-json\/wp\/v2\/product_cat?post=3332"},{"taxonomy":"product_tag","embeddable":true,"href":"https:\/\/kindart.is\/en\/wp-json\/wp\/v2\/product_tag?post=3332"}],"curies":[{"name":"wp","href":"https:\/\/api.w.org\/{rel}","templated":true}]}}