{"id":3334,"date":"2022-02-26T08:30:42","date_gmt":"2022-03-09T11:15:31","guid":{"rendered":"https:\/\/kindart.is\/product\/the-story-of-thuridur-the-chairman\/"},"modified":"2022-03-09T11:15:31","modified_gmt":"2022-03-09T11:15:31","slug":"sagan-af-thuridi-formanni-2","status":"publish","type":"product","link":"https:\/\/kindart.is\/en\/vara\/sagan-af-thuridi-formanni-2\/","title":{"rendered":"The story of \u00deur\u00ed\u00f0ur the chairman"},"content":{"rendered":"<p><strong>The story of \u00deur\u00ed\u00f0ur the chairman<\/strong> and Kambr\u00e1nsm\u00f6nnar with appendices and fskj. Size: 13.5 X 21 cm. Demi size. Tied to a publishing house by B\u00f3kfell. Shirting on keel and corner. Gold on keel. Formal e. Gu\u00f0na J\u00f3nsson. VX. The book is 300 pages. Ex libris logo of Hallbj\u00f6rn Halld\u00f3rsson printer.<\/p>\n<p><strong>Publishing and printing<\/strong> :<br \/>\nPublisher: The Cultural and Educational Association of the People. Reykjav\u00edk 1954. Viking print.<\/p>\n","protected":false},"excerpt":{"rendered":"<p>The story of \u00deur\u00ed\u00f0ur the chairman and Kambr\u00e1nsm\u00f6nnar with appendices and fskj. Size: 13.5 X 21 cm. Demi size. Tied to a publishing house by B\u00f3kfell. Shirting on keel and corner. Gold on keel. Formal e. Gu\u00f0na J\u00f3nsson. VX. The book is 300 pages. Ex libris logo of Hallbj\u00f6rn Halld\u00f3rsson printer. Publishing and printing : [&hellip;]<\/p>\n","protected":false},"featured_media":3204,"template":"","meta":{"slim_seo":{"title":"The story of \u00deur\u00ed\u00f0ur the chairman - KindArt","description":"The story of \u00deur\u00ed\u00f0ur the chairman and Kambr\u00e1nsm\u00f6nnar with appendices and fskj. Size: 13.5 X 21 cm. Demi size. Tied to a publishing house by B\u00f3kfell. Shirting on"}},"product_brand":[],"product_cat":[83],"product_tag":[],"class_list":{"0":"post-3334","1":"product","2":"type-product","3":"status-publish","4":"has-post-thumbnail","6":"product_cat-books","7":"product_shipping_class-small-en","9":"first","10":"outofstock","11":"sold-individually","12":"purchasable","13":"product-type-simple"},"_links":{"self":[{"href":"https:\/\/kindart.is\/en\/wp-json\/wp\/v2\/product\/3334","targetHints":{"allow":["GET"]}}],"collection":[{"href":"https:\/\/kindart.is\/en\/wp-json\/wp\/v2\/product"}],"about":[{"href":"https:\/\/kindart.is\/en\/wp-json\/wp\/v2\/types\/product"}],"wp:featuredmedia":[{"embeddable":true,"href":"https:\/\/kindart.is\/en\/wp-json\/wp\/v2\/media\/3204"}],"wp:attachment":[{"href":"https:\/\/kindart.is\/en\/wp-json\/wp\/v2\/media?parent=3334"}],"wp:term":[{"taxonomy":"product_brand","embeddable":true,"href":"https:\/\/kindart.is\/en\/wp-json\/wp\/v2\/product_brand?post=3334"},{"taxonomy":"product_cat","embeddable":true,"href":"https:\/\/kindart.is\/en\/wp-json\/wp\/v2\/product_cat?post=3334"},{"taxonomy":"product_tag","embeddable":true,"href":"https:\/\/kindart.is\/en\/wp-json\/wp\/v2\/product_tag?post=3334"}],"curies":[{"name":"wp","href":"https:\/\/api.w.org\/{rel}","templated":true}]}}