{"id":3335,"date":"2022-02-26T08:26:26","date_gmt":"2022-03-09T11:15:32","guid":{"rendered":"https:\/\/kindart.is\/product\/greek-and-roman-mythology\/"},"modified":"2022-03-09T11:15:32","modified_gmt":"2022-03-09T11:15:32","slug":"godafraedi-greek-and-roman","status":"publish","type":"product","link":"https:\/\/kindart.is\/en\/vara\/godafraedi-greek-and-roman\/","title":{"rendered":"Greek and Roman mythology"},"content":{"rendered":"<p><strong>Greek and Roman mythology<\/strong> . Prehistoric Ages-Religious Development-Gods and Heroes. Textbook. Author: J\u00f3n G\u00edslason. Size: 288 pages, Royal Fold, 15.5 X 24 cm. The book is sewn and bound in a school book binding, Shirtingur on keel and printed cover.<\/p>\n<p><strong>Publishing and printing<\/strong> :<br \/>\nPublisher: \u00cdsafoldarprentsmi\u00f0ja. Reykjav\u00edk 1944. \u00cdsafoldarprenmtsmi\u00f0ja.<\/p>\n","protected":false},"excerpt":{"rendered":"<p>Greek and Roman mythology . Prehistoric Ages-Religious Development-Gods and Heroes. Textbook. Author: J\u00f3n G\u00edslason. Size: 288 pages, Royal Fold, 15.5 X 24 cm. The book is sewn and bound in a school book binding, Shirtingur on keel and printed cover. Publishing and printing : Publisher: \u00cdsafoldarprentsmi\u00f0ja. Reykjav\u00edk 1944. \u00cdsafoldarprenmtsmi\u00f0ja.<\/p>\n","protected":false},"featured_media":3198,"template":"","meta":{"slim_seo":{"title":"Greek and Roman mythology - KindArt","description":"Greek and Roman mythology . Prehistoric Ages-Religious Development-Gods and Heroes. Textbook. Author: J\u00f3n G\u00edslason. Size: 288 pages, Royal Fold, 15.5 X 24 cm. T"}},"product_brand":[],"product_cat":[83],"product_tag":[],"class_list":{"0":"post-3335","1":"product","2":"type-product","3":"status-publish","4":"has-post-thumbnail","6":"product_cat-books","7":"product_shipping_class-small-en","9":"first","10":"outofstock","11":"sold-individually","12":"purchasable","13":"product-type-simple"},"_links":{"self":[{"href":"https:\/\/kindart.is\/en\/wp-json\/wp\/v2\/product\/3335","targetHints":{"allow":["GET"]}}],"collection":[{"href":"https:\/\/kindart.is\/en\/wp-json\/wp\/v2\/product"}],"about":[{"href":"https:\/\/kindart.is\/en\/wp-json\/wp\/v2\/types\/product"}],"wp:featuredmedia":[{"embeddable":true,"href":"https:\/\/kindart.is\/en\/wp-json\/wp\/v2\/media\/3198"}],"wp:attachment":[{"href":"https:\/\/kindart.is\/en\/wp-json\/wp\/v2\/media?parent=3335"}],"wp:term":[{"taxonomy":"product_brand","embeddable":true,"href":"https:\/\/kindart.is\/en\/wp-json\/wp\/v2\/product_brand?post=3335"},{"taxonomy":"product_cat","embeddable":true,"href":"https:\/\/kindart.is\/en\/wp-json\/wp\/v2\/product_cat?post=3335"},{"taxonomy":"product_tag","embeddable":true,"href":"https:\/\/kindart.is\/en\/wp-json\/wp\/v2\/product_tag?post=3335"}],"curies":[{"name":"wp","href":"https:\/\/api.w.org\/{rel}","templated":true}]}}