{"id":3336,"date":"2022-02-26T08:21:42","date_gmt":"2022-03-09T11:15:51","guid":{"rendered":"https:\/\/kindart.is\/product\/jonsbok-helgasonar\/"},"modified":"2022-03-09T11:15:51","modified_gmt":"2022-03-09T11:15:51","slug":"jonsbok-helgasonar-2","status":"publish","type":"product","link":"https:\/\/kindart.is\/en\/vara\/jonsbok-helgasonar-2\/","title":{"rendered":"J\u00f3nsb\u00f3k Helgasonar"},"content":{"rendered":"<p><strong>Helgason&#8217;s J\u00f3nsb\u00f3k<\/strong> , based on the best and most accurate manuscript available. Size: 55 pages. 16.5 X 21 cm. Without an endorsement.<\/p>\n<p><strong>Publishing and printing<\/strong> :<br \/>\nHome edition: Copied monographs by Ing\u00f3lfur \u00d3lafsson and cross-edged with wire by Svan J\u00f3hannesson. Shirt glued over the keel.<br \/>\nAttached is: Photocopied opening from the magazine Skutull with a review of J\u00f3n e&#8217;s book, HV and The Poem about Hannibal by Kengon, which is J\u00f3n Helgason&#8217;s pseudonym.<\/p>\n","protected":false},"excerpt":{"rendered":"<p>Helgason&#8217;s J\u00f3nsb\u00f3k , based on the best and most accurate manuscript available. Size: 55 pages. 16.5 X 21 cm. Without an endorsement. Publishing and printing : Home edition: Copied monographs by Ing\u00f3lfur \u00d3lafsson and cross-edged with wire by Svan J\u00f3hannesson. Shirt glued over the keel. Attached is: Photocopied opening from the magazine Skutull with a [&hellip;]<\/p>\n","protected":false},"featured_media":3192,"template":"","meta":{"slim_seo":{"title":"J\u00f3nsb\u00f3k Helgasonar - KindArt","description":"Helgason's J\u00f3nsb\u00f3k , based on the best and most accurate manuscript available. Size: 55 pages. 16.5 X 21 cm. Without an endorsement. Publishing and printing : H"}},"product_brand":[],"product_cat":[83],"product_tag":[],"class_list":{"0":"post-3336","1":"product","2":"type-product","3":"status-publish","4":"has-post-thumbnail","6":"product_cat-books","7":"product_shipping_class-small-en","9":"first","10":"outofstock","11":"sold-individually","12":"purchasable","13":"product-type-simple"},"_links":{"self":[{"href":"https:\/\/kindart.is\/en\/wp-json\/wp\/v2\/product\/3336","targetHints":{"allow":["GET"]}}],"collection":[{"href":"https:\/\/kindart.is\/en\/wp-json\/wp\/v2\/product"}],"about":[{"href":"https:\/\/kindart.is\/en\/wp-json\/wp\/v2\/types\/product"}],"wp:featuredmedia":[{"embeddable":true,"href":"https:\/\/kindart.is\/en\/wp-json\/wp\/v2\/media\/3192"}],"wp:attachment":[{"href":"https:\/\/kindart.is\/en\/wp-json\/wp\/v2\/media?parent=3336"}],"wp:term":[{"taxonomy":"product_brand","embeddable":true,"href":"https:\/\/kindart.is\/en\/wp-json\/wp\/v2\/product_brand?post=3336"},{"taxonomy":"product_cat","embeddable":true,"href":"https:\/\/kindart.is\/en\/wp-json\/wp\/v2\/product_cat?post=3336"},{"taxonomy":"product_tag","embeddable":true,"href":"https:\/\/kindart.is\/en\/wp-json\/wp\/v2\/product_tag?post=3336"}],"curies":[{"name":"wp","href":"https:\/\/api.w.org\/{rel}","templated":true}]}}