{"id":3337,"date":"2022-02-26T08:17:07","date_gmt":"2022-03-09T11:16:38","guid":{"rendered":"https:\/\/kindart.is\/product\/love-painter\/"},"modified":"2022-03-09T11:16:38","modified_gmt":"2022-03-09T11:16:38","slug":"asta-malari-2","status":"publish","type":"product","link":"https:\/\/kindart.is\/en\/vara\/asta-malari-2\/","title":{"rendered":"Love painter"},"content":{"rendered":"<p><strong>Love painter<\/strong> . \u00c1sta \u00c1rnad\u00f3ttir&#8217;s memoirs written according to her own first draft and other sources. Gylfi Gr\u00f6ndal registered. The book is 188 pages. in Royal fold 15.5 X 23.5 cm. tied to a publishing band in alband in synthetic material, gilded on the keel.<\/p>\n<p><strong>Publishing and printing<\/strong> :<br \/>\nPublisher: B\u00f3kbandsstofan B\u00f3kbindarinn hf. (Helgi Hrafn Helgason). Reykjav\u00edk 1975. Printing and printing: Akraness Printing House. Litbr\u00e1 printed photos and cover. Rafn Hafnfj\u00f6r\u00f0ur designed the coat.<\/p>\n","protected":false},"excerpt":{"rendered":"<p>Love painter . \u00c1sta \u00c1rnad\u00f3ttir&#8217;s memoirs written according to her own first draft and other sources. Gylfi Gr\u00f6ndal registered. The book is 188 pages. in Royal fold 15.5 X 23.5 cm. tied to a publishing band in alband in synthetic material, gilded on the keel. Publishing and printing : Publisher: B\u00f3kbandsstofan B\u00f3kbindarinn hf. (Helgi Hrafn [&hellip;]<\/p>\n","protected":false},"featured_media":3188,"template":"","meta":{"slim_seo":{"title":"Love painter - KindArt","description":"Love painter . \u00c1sta \u00c1rnad\u00f3ttir's memoirs written according to her own first draft and other sources. Gylfi Gr\u00f6ndal registered. The book is 188 pages. in Royal f"}},"product_brand":[],"product_cat":[83],"product_tag":[],"class_list":{"0":"post-3337","1":"product","2":"type-product","3":"status-publish","4":"has-post-thumbnail","6":"product_cat-books","7":"product_shipping_class-small-en","9":"first","10":"outofstock","11":"sold-individually","12":"purchasable","13":"product-type-simple"},"_links":{"self":[{"href":"https:\/\/kindart.is\/en\/wp-json\/wp\/v2\/product\/3337","targetHints":{"allow":["GET"]}}],"collection":[{"href":"https:\/\/kindart.is\/en\/wp-json\/wp\/v2\/product"}],"about":[{"href":"https:\/\/kindart.is\/en\/wp-json\/wp\/v2\/types\/product"}],"wp:featuredmedia":[{"embeddable":true,"href":"https:\/\/kindart.is\/en\/wp-json\/wp\/v2\/media\/3188"}],"wp:attachment":[{"href":"https:\/\/kindart.is\/en\/wp-json\/wp\/v2\/media?parent=3337"}],"wp:term":[{"taxonomy":"product_brand","embeddable":true,"href":"https:\/\/kindart.is\/en\/wp-json\/wp\/v2\/product_brand?post=3337"},{"taxonomy":"product_cat","embeddable":true,"href":"https:\/\/kindart.is\/en\/wp-json\/wp\/v2\/product_cat?post=3337"},{"taxonomy":"product_tag","embeddable":true,"href":"https:\/\/kindart.is\/en\/wp-json\/wp\/v2\/product_tag?post=3337"}],"curies":[{"name":"wp","href":"https:\/\/api.w.org\/{rel}","templated":true}]}}