{"id":3338,"date":"2022-02-26T08:13:21","date_gmt":"2022-03-09T11:16:39","guid":{"rendered":"https:\/\/kindart.is\/product\/in-the-company-of-all-life\/"},"modified":"2022-03-09T11:16:39","modified_gmt":"2022-03-09T11:16:39","slug":"i-kompanii-vid-allifid-2","status":"publish","type":"product","link":"https:\/\/kindart.is\/en\/vara\/i-kompanii-vid-allifid-2\/","title":{"rendered":"In the company of all life"},"content":{"rendered":"<p><strong>In company with all life<\/strong> by Matth\u00edas Johannessen who talks to \u00de\u00f3rberg \u00de\u00f3r\u00f0arson. The book is 254 pages. 14.5 X 22.5 cm. Stitch and put in a cardboard cover.<\/p>\n<p><strong>Publishing and printing<\/strong> :<br \/>\nHelgafell. Reykjav\u00edk. 12. March 1959 Viking print.<\/p>\n","protected":false},"excerpt":{"rendered":"<p>In company with all life by Matth\u00edas Johannessen who talks to \u00de\u00f3rberg \u00de\u00f3r\u00f0arson. The book is 254 pages. 14.5 X 22.5 cm. Stitch and put in a cardboard cover. Publishing and printing : Helgafell. Reykjav\u00edk. 12. March 1959 Viking print.<\/p>\n","protected":false},"featured_media":3184,"template":"","meta":{"slim_seo":{"title":"In the company of all life - KindArt","description":"In company with all life by Matth\u00edas Johannessen who talks to \u00de\u00f3rberg \u00de\u00f3r\u00f0arson. The book is 254 pages. 14.5 X 22.5 cm. Stitch and put in a cardboard cover. Pub"}},"product_brand":[],"product_cat":[83],"product_tag":[],"class_list":{"0":"post-3338","1":"product","2":"type-product","3":"status-publish","4":"has-post-thumbnail","6":"product_cat-books","7":"product_shipping_class-small-en","9":"first","10":"outofstock","11":"sold-individually","12":"purchasable","13":"product-type-simple"},"_links":{"self":[{"href":"https:\/\/kindart.is\/en\/wp-json\/wp\/v2\/product\/3338","targetHints":{"allow":["GET"]}}],"collection":[{"href":"https:\/\/kindart.is\/en\/wp-json\/wp\/v2\/product"}],"about":[{"href":"https:\/\/kindart.is\/en\/wp-json\/wp\/v2\/types\/product"}],"wp:featuredmedia":[{"embeddable":true,"href":"https:\/\/kindart.is\/en\/wp-json\/wp\/v2\/media\/3184"}],"wp:attachment":[{"href":"https:\/\/kindart.is\/en\/wp-json\/wp\/v2\/media?parent=3338"}],"wp:term":[{"taxonomy":"product_brand","embeddable":true,"href":"https:\/\/kindart.is\/en\/wp-json\/wp\/v2\/product_brand?post=3338"},{"taxonomy":"product_cat","embeddable":true,"href":"https:\/\/kindart.is\/en\/wp-json\/wp\/v2\/product_cat?post=3338"},{"taxonomy":"product_tag","embeddable":true,"href":"https:\/\/kindart.is\/en\/wp-json\/wp\/v2\/product_tag?post=3338"}],"curies":[{"name":"wp","href":"https:\/\/api.w.org\/{rel}","templated":true}]}}