{"id":3339,"date":"2022-02-23T11:07:10","date_gmt":"2022-03-09T11:19:19","guid":{"rendered":"https:\/\/kindart.is\/product\/soleyjarsaga\/"},"modified":"2022-03-09T11:19:19","modified_gmt":"2022-03-09T11:19:19","slug":"soleyjarsaga-2","status":"publish","type":"product","link":"https:\/\/kindart.is\/en\/vara\/soleyjarsaga-2\/","title":{"rendered":"S\u00f3leyjarsaga"},"content":{"rendered":"<p><strong>S\u00f3leyjarsaga<\/strong> &#8211; Novel, Second part by El\u00edas Mar. Kilja, colored in shapes.<\/p>\n<p><strong>Publishing and printing<\/strong> :<br \/>\nHelgafell. Reykjav\u00edk 1959. Viking print<\/p>\n","protected":false},"excerpt":{"rendered":"<p>S\u00f3leyjarsaga &#8211; Novel, Second part by El\u00edas Mar. Kilja, colored in shapes. Publishing and printing : Helgafell. Reykjav\u00edk 1959. Viking print<\/p>\n","protected":false},"featured_media":3166,"template":"","meta":{"slim_seo":{"title":"S\u00f3leyjarsaga - KindArt","description":"S\u00f3leyjarsaga - Novel, Second part by El\u00edas Mar. Kilja, colored in shapes. Publishing and printing : Helgafell. Reykjav\u00edk 1959. Viking print"}},"product_brand":[],"product_cat":[83],"product_tag":[],"class_list":{"0":"post-3339","1":"product","2":"type-product","3":"status-publish","4":"has-post-thumbnail","6":"product_cat-books","7":"product_shipping_class-small-en","9":"first","10":"outofstock","11":"sold-individually","12":"purchasable","13":"product-type-simple"},"_links":{"self":[{"href":"https:\/\/kindart.is\/en\/wp-json\/wp\/v2\/product\/3339","targetHints":{"allow":["GET"]}}],"collection":[{"href":"https:\/\/kindart.is\/en\/wp-json\/wp\/v2\/product"}],"about":[{"href":"https:\/\/kindart.is\/en\/wp-json\/wp\/v2\/types\/product"}],"wp:featuredmedia":[{"embeddable":true,"href":"https:\/\/kindart.is\/en\/wp-json\/wp\/v2\/media\/3166"}],"wp:attachment":[{"href":"https:\/\/kindart.is\/en\/wp-json\/wp\/v2\/media?parent=3339"}],"wp:term":[{"taxonomy":"product_brand","embeddable":true,"href":"https:\/\/kindart.is\/en\/wp-json\/wp\/v2\/product_brand?post=3339"},{"taxonomy":"product_cat","embeddable":true,"href":"https:\/\/kindart.is\/en\/wp-json\/wp\/v2\/product_cat?post=3339"},{"taxonomy":"product_tag","embeddable":true,"href":"https:\/\/kindart.is\/en\/wp-json\/wp\/v2\/product_tag?post=3339"}],"curies":[{"name":"wp","href":"https:\/\/api.w.org\/{rel}","templated":true}]}}