{"id":3340,"date":"2022-02-23T11:01:18","date_gmt":"2022-03-09T11:21:55","guid":{"rendered":"https:\/\/kindart.is\/product\/austan-elivoga\/"},"modified":"2022-03-09T11:21:55","modified_gmt":"2022-03-09T11:21:55","slug":"austan-elivoga-2","status":"publish","type":"product","link":"https:\/\/kindart.is\/en\/vara\/austan-elivoga-2\/","title":{"rendered":"Austan Elivoga"},"content":{"rendered":"<p><strong>Austan Elivoga<\/strong> , book of poems by B\u00f6\u00f0var Gu\u00f0mundsson. The book is bound in white shirting on the keel and covered with moss.<\/p>\n<p><strong>Publishing and printing<\/strong> :<br \/>\nAlmenna b\u00f3kaf\u00e9lagi\u00f0. Sigf\u00fas Eymundsson&#8217;s bookstore. Reykjav\u00edk 1964. Prentsmi\u00f0jan H\u00f3lar hf.<\/p>\n","protected":false},"excerpt":{"rendered":"<p>Austan Elivoga , book of poems by B\u00f6\u00f0var Gu\u00f0mundsson. The book is bound in white shirting on the keel and covered with moss. Publishing and printing : Almenna b\u00f3kaf\u00e9lagi\u00f0. Sigf\u00fas Eymundsson&#8217;s bookstore. Reykjav\u00edk 1964. Prentsmi\u00f0jan H\u00f3lar hf.<\/p>\n","protected":false},"featured_media":3160,"template":"","meta":{"slim_seo":{"title":"Austan Elivoga - KindArt","description":"Austan Elivoga , book of poems by B\u00f6\u00f0var Gu\u00f0mundsson. The book is bound in white shirting on the keel and covered with moss. Publishing and printing : Almenna b"}},"product_brand":[],"product_cat":[83],"product_tag":[],"class_list":{"0":"post-3340","1":"product","2":"type-product","3":"status-publish","4":"has-post-thumbnail","6":"product_cat-books","7":"product_shipping_class-small-en","9":"first","10":"instock","11":"sold-individually","12":"purchasable","13":"product-type-simple"},"_links":{"self":[{"href":"https:\/\/kindart.is\/en\/wp-json\/wp\/v2\/product\/3340","targetHints":{"allow":["GET"]}}],"collection":[{"href":"https:\/\/kindart.is\/en\/wp-json\/wp\/v2\/product"}],"about":[{"href":"https:\/\/kindart.is\/en\/wp-json\/wp\/v2\/types\/product"}],"wp:featuredmedia":[{"embeddable":true,"href":"https:\/\/kindart.is\/en\/wp-json\/wp\/v2\/media\/3160"}],"wp:attachment":[{"href":"https:\/\/kindart.is\/en\/wp-json\/wp\/v2\/media?parent=3340"}],"wp:term":[{"taxonomy":"product_brand","embeddable":true,"href":"https:\/\/kindart.is\/en\/wp-json\/wp\/v2\/product_brand?post=3340"},{"taxonomy":"product_cat","embeddable":true,"href":"https:\/\/kindart.is\/en\/wp-json\/wp\/v2\/product_cat?post=3340"},{"taxonomy":"product_tag","embeddable":true,"href":"https:\/\/kindart.is\/en\/wp-json\/wp\/v2\/product_tag?post=3340"}],"curies":[{"name":"wp","href":"https:\/\/api.w.org\/{rel}","templated":true}]}}