{"id":3341,"date":"2022-02-23T10:53:59","date_gmt":"2022-03-09T11:21:56","guid":{"rendered":"https:\/\/kindart.is\/product\/true-and-exaggerated\/"},"modified":"2022-03-09T11:21:56","modified_gmt":"2022-03-09T11:21:56","slug":"sat-and-ykt","status":"publish","type":"product","link":"https:\/\/kindart.is\/en\/vara\/sat-and-ykt\/","title":{"rendered":"True and exaggerated"},"content":{"rendered":"<p><strong>True and exaggerated<\/strong> . Jokes about various men by Gunnar M. Magn\u00fass. Ob. In a cardboard cover, 118 pages.<\/p>\n<p><strong>Publishing and printing<\/strong> :<br \/>\nPublisher: HF Leiftur. Reykjav\u00edk 1951. Prentsmi\u00f0jan Leiftur hf.<\/p>\n","protected":false},"excerpt":{"rendered":"<p>True and exaggerated . Jokes about various men by Gunnar M. Magn\u00fass. Ob. In a cardboard cover, 118 pages. Publishing and printing : Publisher: HF Leiftur. Reykjav\u00edk 1951. Prentsmi\u00f0jan Leiftur hf.<\/p>\n","protected":false},"featured_media":3156,"template":"","meta":{"slim_seo":{"title":"True and exaggerated - KindArt","description":"True and exaggerated . Jokes about various men by Gunnar M. Magn\u00fass. Ob. In a cardboard cover, 118 pages. Publishing and printing : Publisher: HF Leiftur. Reykj"}},"product_brand":[],"product_cat":[83],"product_tag":[],"class_list":{"0":"post-3341","1":"product","2":"type-product","3":"status-publish","4":"has-post-thumbnail","6":"product_cat-books","7":"product_shipping_class-small-en","9":"first","10":"instock","11":"sold-individually","12":"purchasable","13":"product-type-simple"},"_links":{"self":[{"href":"https:\/\/kindart.is\/en\/wp-json\/wp\/v2\/product\/3341","targetHints":{"allow":["GET"]}}],"collection":[{"href":"https:\/\/kindart.is\/en\/wp-json\/wp\/v2\/product"}],"about":[{"href":"https:\/\/kindart.is\/en\/wp-json\/wp\/v2\/types\/product"}],"wp:featuredmedia":[{"embeddable":true,"href":"https:\/\/kindart.is\/en\/wp-json\/wp\/v2\/media\/3156"}],"wp:attachment":[{"href":"https:\/\/kindart.is\/en\/wp-json\/wp\/v2\/media?parent=3341"}],"wp:term":[{"taxonomy":"product_brand","embeddable":true,"href":"https:\/\/kindart.is\/en\/wp-json\/wp\/v2\/product_brand?post=3341"},{"taxonomy":"product_cat","embeddable":true,"href":"https:\/\/kindart.is\/en\/wp-json\/wp\/v2\/product_cat?post=3341"},{"taxonomy":"product_tag","embeddable":true,"href":"https:\/\/kindart.is\/en\/wp-json\/wp\/v2\/product_tag?post=3341"}],"curies":[{"name":"wp","href":"https:\/\/api.w.org\/{rel}","templated":true}]}}