{"id":3343,"date":"2022-02-23T10:33:13","date_gmt":"2022-03-09T11:22:51","guid":{"rendered":"https:\/\/kindart.is\/product\/morning-in-may\/"},"modified":"2022-03-09T11:22:51","modified_gmt":"2022-03-09T11:22:51","slug":"morning-in-may","status":"publish","type":"product","link":"https:\/\/kindart.is\/en\/vara\/morning-in-may\/","title":{"rendered":"Morning in May"},"content":{"rendered":"<p><strong>Morning in May<\/strong> . Book of poems by Matth\u00edas Johannessen. Photos Err\u00f3. Bound book in white shirting on keel and printed upholstery, decorated with gilding and color. Appearance Sigur\u00fe\u00f3r Jakobsson. From the Indri\u00f0ur G. \u00deorsteinsson Library. Signed from Matth\u00edas to Indri\u00f0ur.<\/p>\n<p><strong>Publishing and printing<\/strong> :<br \/>\nAlmenna b\u00f3kaf\u00e9lagi\u00f0 Reykjav\u00edk 1978. Prentsmi\u00f0jan Oddi and Sveinab\u00f3kbandi\u00f0.<\/p>\n","protected":false},"excerpt":{"rendered":"<p>Morning in May . Book of poems by Matth\u00edas Johannessen. Photos Err\u00f3. Bound book in white shirting on keel and printed upholstery, decorated with gilding and color. Appearance Sigur\u00fe\u00f3r Jakobsson. From the Indri\u00f0ur G. \u00deorsteinsson Library. Signed from Matth\u00edas to Indri\u00f0ur. Publishing and printing : Almenna b\u00f3kaf\u00e9lagi\u00f0 Reykjav\u00edk 1978. Prentsmi\u00f0jan Oddi and Sveinab\u00f3kbandi\u00f0.<\/p>\n","protected":false},"featured_media":3144,"template":"","meta":{"slim_seo":{"title":"Morning in May - KindArt","description":"Morning in May . Book of poems by Matth\u00edas Johannessen. Photos Err\u00f3. Bound book in white shirting on keel and printed upholstery, decorated with gilding and col"}},"product_brand":[],"product_cat":[83],"product_tag":[],"class_list":{"0":"post-3343","1":"product","2":"type-product","3":"status-publish","4":"has-post-thumbnail","6":"product_cat-books","7":"product_shipping_class-small-en","9":"first","10":"instock","11":"sold-individually","12":"purchasable","13":"product-type-simple"},"_links":{"self":[{"href":"https:\/\/kindart.is\/en\/wp-json\/wp\/v2\/product\/3343","targetHints":{"allow":["GET"]}}],"collection":[{"href":"https:\/\/kindart.is\/en\/wp-json\/wp\/v2\/product"}],"about":[{"href":"https:\/\/kindart.is\/en\/wp-json\/wp\/v2\/types\/product"}],"wp:featuredmedia":[{"embeddable":true,"href":"https:\/\/kindart.is\/en\/wp-json\/wp\/v2\/media\/3144"}],"wp:attachment":[{"href":"https:\/\/kindart.is\/en\/wp-json\/wp\/v2\/media?parent=3343"}],"wp:term":[{"taxonomy":"product_brand","embeddable":true,"href":"https:\/\/kindart.is\/en\/wp-json\/wp\/v2\/product_brand?post=3343"},{"taxonomy":"product_cat","embeddable":true,"href":"https:\/\/kindart.is\/en\/wp-json\/wp\/v2\/product_cat?post=3343"},{"taxonomy":"product_tag","embeddable":true,"href":"https:\/\/kindart.is\/en\/wp-json\/wp\/v2\/product_tag?post=3343"}],"curies":[{"name":"wp","href":"https:\/\/api.w.org\/{rel}","templated":true}]}}