{"id":3344,"date":"2022-02-23T10:26:56","date_gmt":"2022-03-09T11:24:26","guid":{"rendered":"https:\/\/kindart.is\/product\/svartalfadans\/"},"modified":"2022-03-09T11:24:26","modified_gmt":"2022-03-09T11:24:26","slug":"svartalfadans-2","status":"publish","type":"product","link":"https:\/\/kindart.is\/en\/vara\/svartalfadans-2\/","title":{"rendered":"Svart\u00e1lfadans"},"content":{"rendered":"<p><strong>Svart\u00e1lfadans<\/strong> . Book of poems by Stef\u00e1n H\u00f6r\u00f0 Gr\u00edmsson. Sewing staple in cardboard cover, 48 pages.<\/p>\n<p><strong>Publishing and printing<\/strong> :<br \/>\nHelgafell. Reykjav\u00edk 1970. Second edition revised. Viking print.<\/p>\n","protected":false},"excerpt":{"rendered":"<p>Svart\u00e1lfadans . Book of poems by Stef\u00e1n H\u00f6r\u00f0 Gr\u00edmsson. Sewing staple in cardboard cover, 48 pages. Publishing and printing : Helgafell. Reykjav\u00edk 1970. Second edition revised. Viking print.<\/p>\n","protected":false},"featured_media":3138,"template":"","meta":{"slim_seo":{"title":"Svart\u00e1lfadans - KindArt","description":"Svart\u00e1lfadans . Book of poems by Stef\u00e1n H\u00f6r\u00f0 Gr\u00edmsson. Sewing staple in cardboard cover, 48 pages. Publishing and printing : Helgafell. Reykjav\u00edk 1970. Second e"}},"product_brand":[],"product_cat":[83],"product_tag":[],"class_list":{"0":"post-3344","1":"product","2":"type-product","3":"status-publish","4":"has-post-thumbnail","6":"product_cat-books","7":"product_shipping_class-small-en","9":"first","10":"instock","11":"sold-individually","12":"purchasable","13":"product-type-simple"},"_links":{"self":[{"href":"https:\/\/kindart.is\/en\/wp-json\/wp\/v2\/product\/3344","targetHints":{"allow":["GET"]}}],"collection":[{"href":"https:\/\/kindart.is\/en\/wp-json\/wp\/v2\/product"}],"about":[{"href":"https:\/\/kindart.is\/en\/wp-json\/wp\/v2\/types\/product"}],"wp:featuredmedia":[{"embeddable":true,"href":"https:\/\/kindart.is\/en\/wp-json\/wp\/v2\/media\/3138"}],"wp:attachment":[{"href":"https:\/\/kindart.is\/en\/wp-json\/wp\/v2\/media?parent=3344"}],"wp:term":[{"taxonomy":"product_brand","embeddable":true,"href":"https:\/\/kindart.is\/en\/wp-json\/wp\/v2\/product_brand?post=3344"},{"taxonomy":"product_cat","embeddable":true,"href":"https:\/\/kindart.is\/en\/wp-json\/wp\/v2\/product_cat?post=3344"},{"taxonomy":"product_tag","embeddable":true,"href":"https:\/\/kindart.is\/en\/wp-json\/wp\/v2\/product_tag?post=3344"}],"curies":[{"name":"wp","href":"https:\/\/api.w.org\/{rel}","templated":true}]}}