{"id":3345,"date":"2022-02-23T10:22:06","date_gmt":"2022-03-09T11:25:16","guid":{"rendered":"https:\/\/kindart.is\/product\/the-sun-will-be-black\/"},"modified":"2022-03-09T11:25:16","modified_gmt":"2022-03-09T11:25:16","slug":"black-world-sunshine","status":"publish","type":"product","link":"https:\/\/kindart.is\/en\/vara\/black-world-sunshine\/","title":{"rendered":"The sun will be black"},"content":{"rendered":"<p><strong>The sun will be black<\/strong> . Book of poems by Gu\u00f0mundur Fr\u00edmann with drawings by the author. 112 p. Stapled in a cardboard cover.<\/p>\n<p><strong>Publishing and printing<\/strong> :<br \/>\nPublisher: B\u00f3kaforlag \u00deorsteinn M. J\u00f3nssonar Akureyri 1951. Oddur Bj\u00f6rnsson&#8217;s printed work.<\/p>\n","protected":false},"excerpt":{"rendered":"<p>The sun will be black . Book of poems by Gu\u00f0mundur Fr\u00edmann with drawings by the author. 112 p. Stapled in a cardboard cover. Publishing and printing : Publisher: B\u00f3kaforlag \u00deorsteinn M. J\u00f3nssonar Akureyri 1951. Oddur Bj\u00f6rnsson&#8217;s printed work.<\/p>\n","protected":false},"featured_media":3132,"template":"","meta":{"slim_seo":{"title":"The sun will be black - KindArt","description":"The sun will be black . Book of poems by Gu\u00f0mundur Fr\u00edmann with drawings by the author. 112 p. Stapled in a cardboard cover. Publishing and printing : Publisher"}},"product_brand":[],"product_cat":[83],"product_tag":[],"class_list":{"0":"post-3345","1":"product","2":"type-product","3":"status-publish","4":"has-post-thumbnail","6":"product_cat-books","7":"product_shipping_class-small-en","9":"first","10":"outofstock","11":"sold-individually","12":"purchasable","13":"product-type-simple"},"_links":{"self":[{"href":"https:\/\/kindart.is\/en\/wp-json\/wp\/v2\/product\/3345","targetHints":{"allow":["GET"]}}],"collection":[{"href":"https:\/\/kindart.is\/en\/wp-json\/wp\/v2\/product"}],"about":[{"href":"https:\/\/kindart.is\/en\/wp-json\/wp\/v2\/types\/product"}],"wp:featuredmedia":[{"embeddable":true,"href":"https:\/\/kindart.is\/en\/wp-json\/wp\/v2\/media\/3132"}],"wp:attachment":[{"href":"https:\/\/kindart.is\/en\/wp-json\/wp\/v2\/media?parent=3345"}],"wp:term":[{"taxonomy":"product_brand","embeddable":true,"href":"https:\/\/kindart.is\/en\/wp-json\/wp\/v2\/product_brand?post=3345"},{"taxonomy":"product_cat","embeddable":true,"href":"https:\/\/kindart.is\/en\/wp-json\/wp\/v2\/product_cat?post=3345"},{"taxonomy":"product_tag","embeddable":true,"href":"https:\/\/kindart.is\/en\/wp-json\/wp\/v2\/product_tag?post=3345"}],"curies":[{"name":"wp","href":"https:\/\/api.w.org\/{rel}","templated":true}]}}