{"id":3346,"date":"2022-02-23T10:16:03","date_gmt":"2022-03-09T11:28:29","guid":{"rendered":"https:\/\/kindart.is\/product\/saga-islands\/"},"modified":"2022-03-09T11:28:29","modified_gmt":"2022-03-09T11:28:29","slug":"saga-islands-2","status":"publish","type":"product","link":"https:\/\/kindart.is\/en\/vara\/saga-islands-2\/","title":{"rendered":"Saga \u00cdslands"},"content":{"rendered":"<p><strong>Saga \u00cdslands<\/strong>. L\u00ednurit me\u00f0 hli\u00f0st\u00e6\u00f0um l\u00ednuritum og kortum.  Safna\u00f0 hefur og teikna\u00f0 Sam\u00fael Eggertsson. B\u00f3kin er bundin \u00ed alband \u00ed plastbindi, gyllt. <\/p>\n<p><strong>Publishing and printing<\/strong> :<br \/>\n\u00d6nnur \u00fatg\u00e1fa. Prentsmi\u00f0ja \u00c1rna Valdemarssonar Reykjav\u00edk 1974.  Endurprentun 1. \u00fatg\u00e1fu sem var prentu\u00f0 \u00ed \u00cdsafoldarprentsmi\u00f0ju 1930. <\/p>\n","protected":false},"excerpt":{"rendered":"<p>Saga \u00cdslands. L\u00ednurit me\u00f0 hli\u00f0st\u00e6\u00f0um l\u00ednuritum og kortum. Safna\u00f0 hefur og teikna\u00f0 Sam\u00fael Eggertsson. B\u00f3kin er bundin \u00ed alband \u00ed plastbindi, gyllt. Publishing and printing : \u00d6nnur \u00fatg\u00e1fa. Prentsmi\u00f0ja \u00c1rna Valdemarssonar Reykjav\u00edk 1974. Endurprentun 1. \u00fatg\u00e1fu sem var prentu\u00f0 \u00ed \u00cdsafoldarprentsmi\u00f0ju 1930.<\/p>\n","protected":false},"featured_media":3124,"template":"","meta":{"slim_seo":{"title":"Saga \u00cdslands - KindArt","description":"Saga \u00cdslands . L\u00ednurit me\u00f0 hli\u00f0st\u00e6\u00f0um l\u00ednuritum og kortum. Safna\u00f0 hefur og teikna\u00f0 Sam\u00fael Eggertsson. B\u00f3kin er bundin \u00ed alband \u00ed plastbindi, gyllt. Publishing a"}},"product_brand":[],"product_cat":[83],"product_tag":[],"class_list":{"0":"post-3346","1":"product","2":"type-product","3":"status-publish","4":"has-post-thumbnail","6":"product_cat-books","7":"product_shipping_class-small-en","9":"first","10":"outofstock","11":"sold-individually","12":"purchasable","13":"product-type-simple"},"_links":{"self":[{"href":"https:\/\/kindart.is\/en\/wp-json\/wp\/v2\/product\/3346","targetHints":{"allow":["GET"]}}],"collection":[{"href":"https:\/\/kindart.is\/en\/wp-json\/wp\/v2\/product"}],"about":[{"href":"https:\/\/kindart.is\/en\/wp-json\/wp\/v2\/types\/product"}],"wp:featuredmedia":[{"embeddable":true,"href":"https:\/\/kindart.is\/en\/wp-json\/wp\/v2\/media\/3124"}],"wp:attachment":[{"href":"https:\/\/kindart.is\/en\/wp-json\/wp\/v2\/media?parent=3346"}],"wp:term":[{"taxonomy":"product_brand","embeddable":true,"href":"https:\/\/kindart.is\/en\/wp-json\/wp\/v2\/product_brand?post=3346"},{"taxonomy":"product_cat","embeddable":true,"href":"https:\/\/kindart.is\/en\/wp-json\/wp\/v2\/product_cat?post=3346"},{"taxonomy":"product_tag","embeddable":true,"href":"https:\/\/kindart.is\/en\/wp-json\/wp\/v2\/product_tag?post=3346"}],"curies":[{"name":"wp","href":"https:\/\/api.w.org\/{rel}","templated":true}]}}