{"id":3347,"date":"2022-02-23T10:10:06","date_gmt":"2022-03-09T11:29:11","guid":{"rendered":"https:\/\/kindart.is\/product\/samples-of-contemporary-icelandic-literature\/"},"modified":"2022-03-09T11:29:11","modified_gmt":"2022-03-09T11:29:11","slug":"syniskver-icelandic-contemporary-literature","status":"publish","type":"product","link":"https:\/\/kindart.is\/en\/vara\/syniskver-icelandic-contemporary-literature\/","title":{"rendered":"Samples of contemporary Icelandic literature"},"content":{"rendered":"<p><strong>Samples of contemporary Icelandic literature<\/strong> . Dedicated to Professor Dr. phil Sigur\u00f0ur Nordal sixty 14. September 1946 &#8211; The book is in large format, 19.5 x 25.5 cm. seam allowance in cardboard cover. &#8211; Signed to J\u00f3hannes \u00far K\u00f6tlar by Ragnar J\u00f3nsson in Sm\u00e1ri.<\/p>\n<p><strong>Publishing and printing<\/strong> :<br \/>\nHelgafell Reykjav\u00edk 1946. &#8211; A total of 500 copies printed and numbered. This is no. 201. Viking print.<\/p>\n","protected":false},"excerpt":{"rendered":"<p>Samples of contemporary Icelandic literature . Dedicated to Professor Dr. phil Sigur\u00f0ur Nordal sixty 14. September 1946 &#8211; The book is in large format, 19.5 x 25.5 cm. seam allowance in cardboard cover. &#8211; Signed to J\u00f3hannes \u00far K\u00f6tlar by Ragnar J\u00f3nsson in Sm\u00e1ri. Publishing and printing : Helgafell Reykjav\u00edk 1946. &#8211; A total of [&hellip;]<\/p>\n","protected":false},"featured_media":3114,"template":"","meta":{"slim_seo":{"title":"Samples of contemporary Icelandic literature - KindArt","description":"Samples of contemporary Icelandic literature . Dedicated to Professor Dr. phil Sigur\u00f0ur Nordal sixty 14. September 1946 - The book is in large format, 19.5 x 25"}},"product_brand":[],"product_cat":[83],"product_tag":[],"class_list":{"0":"post-3347","1":"product","2":"type-product","3":"status-publish","4":"has-post-thumbnail","6":"product_cat-books","7":"product_shipping_class-small-en","9":"first","10":"outofstock","11":"sold-individually","12":"purchasable","13":"product-type-simple"},"_links":{"self":[{"href":"https:\/\/kindart.is\/en\/wp-json\/wp\/v2\/product\/3347","targetHints":{"allow":["GET"]}}],"collection":[{"href":"https:\/\/kindart.is\/en\/wp-json\/wp\/v2\/product"}],"about":[{"href":"https:\/\/kindart.is\/en\/wp-json\/wp\/v2\/types\/product"}],"wp:featuredmedia":[{"embeddable":true,"href":"https:\/\/kindart.is\/en\/wp-json\/wp\/v2\/media\/3114"}],"wp:attachment":[{"href":"https:\/\/kindart.is\/en\/wp-json\/wp\/v2\/media?parent=3347"}],"wp:term":[{"taxonomy":"product_brand","embeddable":true,"href":"https:\/\/kindart.is\/en\/wp-json\/wp\/v2\/product_brand?post=3347"},{"taxonomy":"product_cat","embeddable":true,"href":"https:\/\/kindart.is\/en\/wp-json\/wp\/v2\/product_cat?post=3347"},{"taxonomy":"product_tag","embeddable":true,"href":"https:\/\/kindart.is\/en\/wp-json\/wp\/v2\/product_tag?post=3347"}],"curies":[{"name":"wp","href":"https:\/\/api.w.org\/{rel}","templated":true}]}}