{"id":3348,"date":"2022-02-23T10:01:29","date_gmt":"2022-03-09T11:29:36","guid":{"rendered":"https:\/\/kindart.is\/product\/joklarit-thordur-thorkelssonar-vidalin\/"},"modified":"2022-03-09T11:29:36","modified_gmt":"2022-03-09T11:29:36","slug":"joklarit-thordar-thorkelssonar-vidalin-2","status":"publish","type":"product","link":"https:\/\/kindart.is\/en\/vara\/joklarit-thordar-thorkelssonar-vidalin-2\/","title":{"rendered":"J\u00f6klarit \u00de\u00f3r\u00f0ur \u00deorkelssonar V\u00eddal\u00edn"},"content":{"rendered":"<p><strong>J\u00f6klarit \u00de\u00f3r\u00f0ur \u00deorkelssonar V\u00eddal\u00edn<\/strong> . This edition is dedicated to meteorologist J\u00f3n Ey\u00fe\u00f3rsson on his 27th birthday. January 1965. The book is in a large format 20.5 x 27.5 cm.<\/p>\n<p><strong>Publishing and printing<\/strong> :<br \/>\nPublisher: Fer\u00f0af\u00e9lag \u00cdslands Reykjav\u00edk 1965. Lj\u00f3sprent took care of Litbr\u00e1, while Prentsmi\u00f0jan H\u00f3lar printed the sentence and other printed matter. Printed as a manuscript in 200 copies.<\/p>\n","protected":false},"excerpt":{"rendered":"<p>J\u00f6klarit \u00de\u00f3r\u00f0ur \u00deorkelssonar V\u00eddal\u00edn . This edition is dedicated to meteorologist J\u00f3n Ey\u00fe\u00f3rsson on his 27th birthday. January 1965. The book is in a large format 20.5 x 27.5 cm. Publishing and printing : Publisher: Fer\u00f0af\u00e9lag \u00cdslands Reykjav\u00edk 1965. Lj\u00f3sprent took care of Litbr\u00e1, while Prentsmi\u00f0jan H\u00f3lar printed the sentence and other printed matter. Printed [&hellip;]<\/p>\n","protected":false},"featured_media":3106,"template":"","meta":{"slim_seo":{"title":"J\u00f6klarit \u00de\u00f3r\u00f0ur \u00deorkelssonar V\u00eddal\u00edn - KindArt","description":"J\u00f6klarit \u00de\u00f3r\u00f0ur \u00deorkelssonar V\u00eddal\u00edn . This edition is dedicated to meteorologist J\u00f3n Ey\u00fe\u00f3rsson on his 27th birthday. January 1965. The book is in a large forma"}},"product_brand":[],"product_cat":[83],"product_tag":[],"class_list":{"0":"post-3348","1":"product","2":"type-product","3":"status-publish","4":"has-post-thumbnail","6":"product_cat-books","7":"product_shipping_class-small-en","9":"first","10":"outofstock","11":"sold-individually","12":"purchasable","13":"product-type-simple"},"_links":{"self":[{"href":"https:\/\/kindart.is\/en\/wp-json\/wp\/v2\/product\/3348","targetHints":{"allow":["GET"]}}],"collection":[{"href":"https:\/\/kindart.is\/en\/wp-json\/wp\/v2\/product"}],"about":[{"href":"https:\/\/kindart.is\/en\/wp-json\/wp\/v2\/types\/product"}],"wp:featuredmedia":[{"embeddable":true,"href":"https:\/\/kindart.is\/en\/wp-json\/wp\/v2\/media\/3106"}],"wp:attachment":[{"href":"https:\/\/kindart.is\/en\/wp-json\/wp\/v2\/media?parent=3348"}],"wp:term":[{"taxonomy":"product_brand","embeddable":true,"href":"https:\/\/kindart.is\/en\/wp-json\/wp\/v2\/product_brand?post=3348"},{"taxonomy":"product_cat","embeddable":true,"href":"https:\/\/kindart.is\/en\/wp-json\/wp\/v2\/product_cat?post=3348"},{"taxonomy":"product_tag","embeddable":true,"href":"https:\/\/kindart.is\/en\/wp-json\/wp\/v2\/product_tag?post=3348"}],"curies":[{"name":"wp","href":"https:\/\/api.w.org\/{rel}","templated":true}]}}