{"id":3349,"date":"2022-02-12T04:50:43","date_gmt":"2022-03-09T11:30:45","guid":{"rendered":"https:\/\/kindart.is\/product\/armenningars-trip-to-germany-1929\/"},"modified":"2022-03-09T11:30:45","modified_gmt":"2022-03-09T11:30:45","slug":"thyskalandsfor-armenninga-1929-2","status":"publish","type":"product","link":"https:\/\/kindart.is\/en\/vara\/thyskalandsfor-armenninga-1929-2\/","title":{"rendered":"\u00c1rmenningar&#8217;s trip to Germany 1929"},"content":{"rendered":"<p><strong>\u00c1rmenningar&#8217;s trip to Germany 1929<\/strong> . I. Articles, pictures and stories. J\u00f3n \u00deorsteinsson. Ludvig Gu\u00f0mundsson.Dr.phil. Reinhard Prinz. Benedikt G. Waage. \u00c1rni \u00d3la. Foreign judgments.- Size: 15.5 X 16.5 cm. 60 pages + advertisements Cardboard cover.<\/p>\n<p><strong>Publishing and printing<\/strong> :<br \/>\nPublishers: Gamlir \u00c1rmenningar. Reykjav\u00edk 1930. Gutenberg State Printing Office.<\/p>\n","protected":false},"excerpt":{"rendered":"<p>\u00c1rmenningar&#8217;s trip to Germany 1929 . I. Articles, pictures and stories. J\u00f3n \u00deorsteinsson. Ludvig Gu\u00f0mundsson.Dr.phil. Reinhard Prinz. Benedikt G. Waage. \u00c1rni \u00d3la. Foreign judgments.- Size: 15.5 X 16.5 cm. 60 pages + advertisements Cardboard cover. Publishing and printing : Publishers: Gamlir \u00c1rmenningar. Reykjav\u00edk 1930. Gutenberg State Printing Office.<\/p>\n","protected":false},"featured_media":3098,"template":"","meta":{"slim_seo":{"title":"\u00c1rmenningar's trip to Germany 1929 - KindArt","description":"\u00c1rmenningar's trip to Germany 1929 . I. Articles, pictures and stories. J\u00f3n \u00deorsteinsson. Ludvig Gu\u00f0mundsson.Dr.phil. Reinhard Prinz. Benedikt G. Waage. \u00c1rni \u00d3l"}},"product_brand":[],"product_cat":[83],"product_tag":[],"class_list":{"0":"post-3349","1":"product","2":"type-product","3":"status-publish","4":"has-post-thumbnail","6":"product_cat-books","7":"product_shipping_class-small-en","9":"first","10":"outofstock","11":"sold-individually","12":"purchasable","13":"product-type-simple"},"_links":{"self":[{"href":"https:\/\/kindart.is\/en\/wp-json\/wp\/v2\/product\/3349","targetHints":{"allow":["GET"]}}],"collection":[{"href":"https:\/\/kindart.is\/en\/wp-json\/wp\/v2\/product"}],"about":[{"href":"https:\/\/kindart.is\/en\/wp-json\/wp\/v2\/types\/product"}],"wp:featuredmedia":[{"embeddable":true,"href":"https:\/\/kindart.is\/en\/wp-json\/wp\/v2\/media\/3098"}],"wp:attachment":[{"href":"https:\/\/kindart.is\/en\/wp-json\/wp\/v2\/media?parent=3349"}],"wp:term":[{"taxonomy":"product_brand","embeddable":true,"href":"https:\/\/kindart.is\/en\/wp-json\/wp\/v2\/product_brand?post=3349"},{"taxonomy":"product_cat","embeddable":true,"href":"https:\/\/kindart.is\/en\/wp-json\/wp\/v2\/product_cat?post=3349"},{"taxonomy":"product_tag","embeddable":true,"href":"https:\/\/kindart.is\/en\/wp-json\/wp\/v2\/product_tag?post=3349"}],"curies":[{"name":"wp","href":"https:\/\/api.w.org\/{rel}","templated":true}]}}