{"id":3350,"date":"2022-02-12T04:48:13","date_gmt":"2022-03-09T11:31:14","guid":{"rendered":"https:\/\/kindart.is\/product\/viking\/"},"modified":"2022-03-09T11:31:14","modified_gmt":"2022-03-09T11:31:14","slug":"viking","status":"publish","type":"product","link":"https:\/\/kindart.is\/en\/vara\/viking\/","title":{"rendered":"Viking"},"content":{"rendered":"<p><strong>Viking<\/strong> , 1. price August 1928, magazine, 8 p. size: 15 X 21.5 cm.<\/p>\n<p><strong>Publishing and printing<\/strong> :<br \/>\nPublisher: Oddur Sigurgeirsson. Reykjav\u00edk 1928. H\u00f3laprentsmi\u00f0jan.<\/p>\n","protected":false},"excerpt":{"rendered":"<p>Viking , 1. price August 1928, magazine, 8 p. size: 15 X 21.5 cm. Publishing and printing : Publisher: Oddur Sigurgeirsson. Reykjav\u00edk 1928. H\u00f3laprentsmi\u00f0jan.<\/p>\n","protected":false},"featured_media":3094,"template":"","meta":{"slim_seo":{"title":"Viking - KindArt","description":"Viking , 1. price August 1928, magazine, 8 p. size: 15 X 21.5 cm. Publishing and printing : Publisher: Oddur Sigurgeirsson. Reykjav\u00edk 1928. H\u00f3laprentsmi\u00f0jan."}},"product_brand":[],"product_cat":[83],"product_tag":[],"class_list":{"0":"post-3350","1":"product","2":"type-product","3":"status-publish","4":"has-post-thumbnail","6":"product_cat-books","7":"product_shipping_class-small-en","9":"first","10":"instock","11":"sold-individually","12":"purchasable","13":"product-type-simple"},"_links":{"self":[{"href":"https:\/\/kindart.is\/en\/wp-json\/wp\/v2\/product\/3350","targetHints":{"allow":["GET"]}}],"collection":[{"href":"https:\/\/kindart.is\/en\/wp-json\/wp\/v2\/product"}],"about":[{"href":"https:\/\/kindart.is\/en\/wp-json\/wp\/v2\/types\/product"}],"wp:featuredmedia":[{"embeddable":true,"href":"https:\/\/kindart.is\/en\/wp-json\/wp\/v2\/media\/3094"}],"wp:attachment":[{"href":"https:\/\/kindart.is\/en\/wp-json\/wp\/v2\/media?parent=3350"}],"wp:term":[{"taxonomy":"product_brand","embeddable":true,"href":"https:\/\/kindart.is\/en\/wp-json\/wp\/v2\/product_brand?post=3350"},{"taxonomy":"product_cat","embeddable":true,"href":"https:\/\/kindart.is\/en\/wp-json\/wp\/v2\/product_cat?post=3350"},{"taxonomy":"product_tag","embeddable":true,"href":"https:\/\/kindart.is\/en\/wp-json\/wp\/v2\/product_tag?post=3350"}],"curies":[{"name":"wp","href":"https:\/\/api.w.org\/{rel}","templated":true}]}}