{"id":3351,"date":"2022-02-12T04:46:19","date_gmt":"2022-03-09T11:31:38","guid":{"rendered":"https:\/\/kindart.is\/product\/the-will\/"},"modified":"2022-03-09T11:31:38","modified_gmt":"2022-03-09T11:31:38","slug":"the-will","status":"publish","type":"product","link":"https:\/\/kindart.is\/en\/vara\/the-will\/","title":{"rendered":"The will"},"content":{"rendered":"<p><strong>Viljinn<\/strong> , the magazine of Advent in Iceland. Nr. 1. 1961. One Ark, 16 pages Typed, but cover printed in color. Wire restraint. Editor: \u00d3lafur Gu\u00f0mundsson.<\/p>\n<p><strong>Publishing and printing<\/strong> :<br \/>\nAdventists, Ing\u00f3lfsstr\u00e6ti 19, Reykjav\u00edk 1961. Adventist Printing Works, Ing.19.<\/p>\n","protected":false},"excerpt":{"rendered":"<p>Viljinn , the magazine of Advent in Iceland. Nr. 1. 1961. One Ark, 16 pages Typed, but cover printed in color. Wire restraint. Editor: \u00d3lafur Gu\u00f0mundsson. Publishing and printing : Adventists, Ing\u00f3lfsstr\u00e6ti 19, Reykjav\u00edk 1961. Adventist Printing Works, Ing.19.<\/p>\n","protected":false},"featured_media":3088,"template":"","meta":{"slim_seo":{"title":"The will - KindArt","description":"Viljinn , the magazine of Advent in Iceland. Nr. 1. 1961. One Ark, 16 pages Typed, but cover printed in color. Wire restraint. Editor: \u00d3lafur Gu\u00f0mundsson. Publi"}},"product_brand":[],"product_cat":[83],"product_tag":[],"class_list":{"0":"post-3351","1":"product","2":"type-product","3":"status-publish","4":"has-post-thumbnail","6":"product_cat-books","7":"product_shipping_class-small-en","9":"first","10":"outofstock","11":"sold-individually","12":"purchasable","13":"product-type-simple"},"_links":{"self":[{"href":"https:\/\/kindart.is\/en\/wp-json\/wp\/v2\/product\/3351","targetHints":{"allow":["GET"]}}],"collection":[{"href":"https:\/\/kindart.is\/en\/wp-json\/wp\/v2\/product"}],"about":[{"href":"https:\/\/kindart.is\/en\/wp-json\/wp\/v2\/types\/product"}],"wp:featuredmedia":[{"embeddable":true,"href":"https:\/\/kindart.is\/en\/wp-json\/wp\/v2\/media\/3088"}],"wp:attachment":[{"href":"https:\/\/kindart.is\/en\/wp-json\/wp\/v2\/media?parent=3351"}],"wp:term":[{"taxonomy":"product_brand","embeddable":true,"href":"https:\/\/kindart.is\/en\/wp-json\/wp\/v2\/product_brand?post=3351"},{"taxonomy":"product_cat","embeddable":true,"href":"https:\/\/kindart.is\/en\/wp-json\/wp\/v2\/product_cat?post=3351"},{"taxonomy":"product_tag","embeddable":true,"href":"https:\/\/kindart.is\/en\/wp-json\/wp\/v2\/product_tag?post=3351"}],"curies":[{"name":"wp","href":"https:\/\/api.w.org\/{rel}","templated":true}]}}