{"id":3352,"date":"2022-02-12T04:43:56","date_gmt":"2022-03-09T11:32:05","guid":{"rendered":"https:\/\/kindart.is\/product\/songs-of-the-social-democrats\/"},"modified":"2022-03-09T11:32:05","modified_gmt":"2022-03-09T11:32:05","slug":"songvar-jafnnadarmanna","status":"publish","type":"product","link":"https:\/\/kindart.is\/en\/vara\/songvar-jafnnadarmanna\/","title":{"rendered":"Songs of the Social Democrats"},"content":{"rendered":"<p><strong>Songs of the Social Democrats<\/strong> . The International Song. (International) The war song of the Social Democrats. Social Democrat song. A worker in power claws. Daybreak. Comparison e. J\u00f3n \u00de\u00f3r\u00f0arson. Social Democrat song. Minni Frams\u00f3knir in Stykkish\u00f3lmur. Freedom. Overview. Eden. Take care of yourself in time. Rest of speech. Wire-bound peso in a cardboard cover. 10.7 X 13.5. sm.<\/p>\n<p><strong>Publishing and printing<\/strong> :<br \/>\n\u00datg. Representative Council of the Reykjav\u00edk Trade Unions 1923. Hallgr\u00edmur Benediktsson&#8217;s printing works.<\/p>\n","protected":false},"excerpt":{"rendered":"<p>Songs of the Social Democrats . The International Song. (International) The war song of the Social Democrats. Social Democrat song. A worker in power claws. Daybreak. Comparison e. J\u00f3n \u00de\u00f3r\u00f0arson. Social Democrat song. Minni Frams\u00f3knir in Stykkish\u00f3lmur. Freedom. Overview. Eden. Take care of yourself in time. Rest of speech. Wire-bound peso in a cardboard cover. [&hellip;]<\/p>\n","protected":false},"featured_media":3082,"template":"","meta":{"slim_seo":{"title":"Songs of the Social Democrats - KindArt","description":"Songs of the Social Democrats . The International Song. (International) The war song of the Social Democrats. Social Democrat song. A worker in power claws. Day"}},"product_brand":[],"product_cat":[83],"product_tag":[],"class_list":{"0":"post-3352","1":"product","2":"type-product","3":"status-publish","4":"has-post-thumbnail","6":"product_cat-books","7":"product_shipping_class-small-en","9":"first","10":"outofstock","11":"sold-individually","12":"purchasable","13":"product-type-simple"},"_links":{"self":[{"href":"https:\/\/kindart.is\/en\/wp-json\/wp\/v2\/product\/3352","targetHints":{"allow":["GET"]}}],"collection":[{"href":"https:\/\/kindart.is\/en\/wp-json\/wp\/v2\/product"}],"about":[{"href":"https:\/\/kindart.is\/en\/wp-json\/wp\/v2\/types\/product"}],"wp:featuredmedia":[{"embeddable":true,"href":"https:\/\/kindart.is\/en\/wp-json\/wp\/v2\/media\/3082"}],"wp:attachment":[{"href":"https:\/\/kindart.is\/en\/wp-json\/wp\/v2\/media?parent=3352"}],"wp:term":[{"taxonomy":"product_brand","embeddable":true,"href":"https:\/\/kindart.is\/en\/wp-json\/wp\/v2\/product_brand?post=3352"},{"taxonomy":"product_cat","embeddable":true,"href":"https:\/\/kindart.is\/en\/wp-json\/wp\/v2\/product_cat?post=3352"},{"taxonomy":"product_tag","embeddable":true,"href":"https:\/\/kindart.is\/en\/wp-json\/wp\/v2\/product_tag?post=3352"}],"curies":[{"name":"wp","href":"https:\/\/api.w.org\/{rel}","templated":true}]}}