{"id":3355,"date":"2022-02-12T04:36:28","date_gmt":"2022-03-09T11:33:28","guid":{"rendered":"https:\/\/kindart.is\/product\/school-songs\/"},"modified":"2022-03-09T11:33:28","modified_gmt":"2022-03-09T11:33:28","slug":"school-songs","status":"publish","type":"product","link":"https:\/\/kindart.is\/en\/vara\/school-songs\/","title":{"rendered":"School songs"},"content":{"rendered":"<p><strong>School songs with three homosexual voices<\/strong> by Fri\u00f0rik Bjarnason. Wire stapled sheet music, 14 X 19.7 cm. in a cardboard cover.<\/p>\n<p><strong>Publishing and printing<\/strong> :<br \/>\nHafnarfj\u00f6r\u00f0ur 1926. Nordisk Notestik &amp; trykkeri, Copenhagen.<\/p>\n","protected":false},"excerpt":{"rendered":"<p>School songs with three homosexual voices by Fri\u00f0rik Bjarnason. Wire stapled sheet music, 14 X 19.7 cm. in a cardboard cover. Publishing and printing : Hafnarfj\u00f6r\u00f0ur 1926. Nordisk Notestik &amp; trykkeri, Copenhagen.<\/p>\n","protected":false},"featured_media":3066,"template":"","meta":{"slim_seo":{"title":"School songs - KindArt","description":"School songs with three homosexual voices by Fri\u00f0rik Bjarnason. Wire stapled sheet music, 14 X 19.7 cm. in a cardboard cover. Publishing and printing : Hafnarfj"}},"product_brand":[],"product_cat":[83],"product_tag":[],"class_list":{"0":"post-3355","1":"product","2":"type-product","3":"status-publish","4":"has-post-thumbnail","6":"product_cat-books","7":"product_shipping_class-small-en","9":"first","10":"instock","11":"sold-individually","12":"purchasable","13":"product-type-simple"},"_links":{"self":[{"href":"https:\/\/kindart.is\/en\/wp-json\/wp\/v2\/product\/3355","targetHints":{"allow":["GET"]}}],"collection":[{"href":"https:\/\/kindart.is\/en\/wp-json\/wp\/v2\/product"}],"about":[{"href":"https:\/\/kindart.is\/en\/wp-json\/wp\/v2\/types\/product"}],"wp:featuredmedia":[{"embeddable":true,"href":"https:\/\/kindart.is\/en\/wp-json\/wp\/v2\/media\/3066"}],"wp:attachment":[{"href":"https:\/\/kindart.is\/en\/wp-json\/wp\/v2\/media?parent=3355"}],"wp:term":[{"taxonomy":"product_brand","embeddable":true,"href":"https:\/\/kindart.is\/en\/wp-json\/wp\/v2\/product_brand?post=3355"},{"taxonomy":"product_cat","embeddable":true,"href":"https:\/\/kindart.is\/en\/wp-json\/wp\/v2\/product_cat?post=3355"},{"taxonomy":"product_tag","embeddable":true,"href":"https:\/\/kindart.is\/en\/wp-json\/wp\/v2\/product_tag?post=3355"}],"curies":[{"name":"wp","href":"https:\/\/api.w.org\/{rel}","templated":true}]}}