{"id":3356,"date":"2022-02-12T04:34:04","date_gmt":"2022-03-09T11:33:54","guid":{"rendered":"https:\/\/kindart.is\/product\/fishermens-songs\/"},"modified":"2022-03-09T11:33:54","modified_gmt":"2022-03-09T11:33:54","slug":"sjomannasongvar-2","status":"publish","type":"product","link":"https:\/\/kindart.is\/en\/vara\/sjomannasongvar-2\/","title":{"rendered":"Fishermen&#8217;s songs"},"content":{"rendered":"<p><strong>Fishermen<\/strong> &#8216;s songs. On the title page is Sj\u00f3mannalj\u00f3\u00f0. Competition for poetry and song. 32 authors. The book is bound in a paper tape. 48 p. Shirt on keel and panels covered with paper. Size: 12.5 X 18 cm.<\/p>\n<p><strong>Publishing and printing<\/strong> :<br \/>\nPublished by: Sj\u00f3mannadagurinn 1940. Reykjav\u00edk. Stone door print.<\/p>\n","protected":false},"excerpt":{"rendered":"<p>Fishermen &#8216;s songs. On the title page is Sj\u00f3mannalj\u00f3\u00f0. Competition for poetry and song. 32 authors. The book is bound in a paper tape. 48 p. Shirt on keel and panels covered with paper. Size: 12.5 X 18 cm. Publishing and printing : Published by: Sj\u00f3mannadagurinn 1940. Reykjav\u00edk. Stone door print.<\/p>\n","protected":false},"featured_media":3060,"template":"","meta":{"slim_seo":{"title":"Fishermen's songs - KindArt","description":"Fishermen 's songs. On the title page is Sj\u00f3mannalj\u00f3\u00f0. Competition for poetry and song. 32 authors. The book is bound in a paper tape. 48 p. Shirt on keel and p"}},"product_brand":[],"product_cat":[83],"product_tag":[],"class_list":{"0":"post-3356","1":"product","2":"type-product","3":"status-publish","4":"has-post-thumbnail","6":"product_cat-books","7":"product_shipping_class-small-en","9":"first","10":"instock","11":"sold-individually","12":"purchasable","13":"product-type-simple"},"_links":{"self":[{"href":"https:\/\/kindart.is\/en\/wp-json\/wp\/v2\/product\/3356","targetHints":{"allow":["GET"]}}],"collection":[{"href":"https:\/\/kindart.is\/en\/wp-json\/wp\/v2\/product"}],"about":[{"href":"https:\/\/kindart.is\/en\/wp-json\/wp\/v2\/types\/product"}],"wp:featuredmedia":[{"embeddable":true,"href":"https:\/\/kindart.is\/en\/wp-json\/wp\/v2\/media\/3060"}],"wp:attachment":[{"href":"https:\/\/kindart.is\/en\/wp-json\/wp\/v2\/media?parent=3356"}],"wp:term":[{"taxonomy":"product_brand","embeddable":true,"href":"https:\/\/kindart.is\/en\/wp-json\/wp\/v2\/product_brand?post=3356"},{"taxonomy":"product_cat","embeddable":true,"href":"https:\/\/kindart.is\/en\/wp-json\/wp\/v2\/product_cat?post=3356"},{"taxonomy":"product_tag","embeddable":true,"href":"https:\/\/kindart.is\/en\/wp-json\/wp\/v2\/product_tag?post=3356"}],"curies":[{"name":"wp","href":"https:\/\/api.w.org\/{rel}","templated":true}]}}