{"id":3357,"date":"2022-02-12T04:30:04","date_gmt":"2022-03-09T11:34:27","guid":{"rendered":"https:\/\/kindart.is\/product\/articles-of-association-for-the-workers-order-association\/"},"modified":"2022-03-09T11:34:27","modified_gmt":"2022-03-09T11:34:27","slug":"conventions-for-ordering-workers-union","status":"publish","type":"product","link":"https:\/\/kindart.is\/en\/vara\/conventions-for-ordering-workers-union\/","title":{"rendered":"Articles of Association for the Workers&#8217; Order Association"},"content":{"rendered":"<p><strong>Articles of Association for P\u00f6ntunarf\u00e9lag verkamanna Reykjav\u00edk<\/strong> , 10.5 X 16 cm, 16 pages. with coat, wire stapled.<\/p>\n<p><strong>Publishing and printing<\/strong> :<br \/>\nReykjav\u00edk Workers&#8217; Order Association 1936. F\u00e9lagsprentsmi\u00f0jan.<\/p>\n","protected":false},"excerpt":{"rendered":"<p>Articles of Association for P\u00f6ntunarf\u00e9lag verkamanna Reykjav\u00edk , 10.5 X 16 cm, 16 pages. with coat, wire stapled. Publishing and printing : Reykjav\u00edk Workers&#8217; Order Association 1936. F\u00e9lagsprentsmi\u00f0jan.<\/p>\n","protected":false},"featured_media":3056,"template":"","meta":{"slim_seo":{"title":"Articles of Association for the Workers' Order Association - KindArt","description":"Articles of Association for P\u00f6ntunarf\u00e9lag verkamanna Reykjav\u00edk , 10.5 X 16 cm, 16 pages. with coat, wire stapled. Publishing and printing : Reykjav\u00edk Workers' O"}},"product_brand":[],"product_cat":[83],"product_tag":[],"class_list":{"0":"post-3357","1":"product","2":"type-product","3":"status-publish","4":"has-post-thumbnail","6":"product_cat-books","7":"product_shipping_class-small-en","9":"first","10":"outofstock","11":"sold-individually","12":"purchasable","13":"product-type-simple"},"_links":{"self":[{"href":"https:\/\/kindart.is\/en\/wp-json\/wp\/v2\/product\/3357","targetHints":{"allow":["GET"]}}],"collection":[{"href":"https:\/\/kindart.is\/en\/wp-json\/wp\/v2\/product"}],"about":[{"href":"https:\/\/kindart.is\/en\/wp-json\/wp\/v2\/types\/product"}],"wp:featuredmedia":[{"embeddable":true,"href":"https:\/\/kindart.is\/en\/wp-json\/wp\/v2\/media\/3056"}],"wp:attachment":[{"href":"https:\/\/kindart.is\/en\/wp-json\/wp\/v2\/media?parent=3357"}],"wp:term":[{"taxonomy":"product_brand","embeddable":true,"href":"https:\/\/kindart.is\/en\/wp-json\/wp\/v2\/product_brand?post=3357"},{"taxonomy":"product_cat","embeddable":true,"href":"https:\/\/kindart.is\/en\/wp-json\/wp\/v2\/product_cat?post=3357"},{"taxonomy":"product_tag","embeddable":true,"href":"https:\/\/kindart.is\/en\/wp-json\/wp\/v2\/product_tag?post=3357"}],"curies":[{"name":"wp","href":"https:\/\/api.w.org\/{rel}","templated":true}]}}