{"id":3358,"date":"2022-02-12T04:27:45","date_gmt":"2022-03-09T11:34:50","guid":{"rendered":"https:\/\/kindart.is\/product\/the-great-misfortune\/"},"modified":"2022-03-09T11:34:50","modified_gmt":"2022-03-09T11:34:50","slug":"ogaefan-great","status":"publish","type":"product","link":"https:\/\/kindart.is\/en\/vara\/ogaefan-great\/","title":{"rendered":"The great misfortune"},"content":{"rendered":"<p><strong>The great misfortune<\/strong> by \u00d3lafur \u00d3lafsson in Arnarb\u00e6r. Speech delivered at Eyrarbakki 19. July 1896. Booklet booklet. Size: 10.5 X 16.5 cm.<\/p>\n<p><strong>Publishing and printing<\/strong> :<br \/>\nReykjav\u00edk 1896. \u00cdsafoldarprentsmi\u00f0ja.<\/p>\n","protected":false},"excerpt":{"rendered":"<p>The great misfortune by \u00d3lafur \u00d3lafsson in Arnarb\u00e6r. Speech delivered at Eyrarbakki 19. July 1896. Booklet booklet. Size: 10.5 X 16.5 cm. Publishing and printing : Reykjav\u00edk 1896. \u00cdsafoldarprentsmi\u00f0ja.<\/p>\n","protected":false},"featured_media":3050,"template":"","meta":{"slim_seo":{"title":"The great misfortune - KindArt","description":"The great misfortune by \u00d3lafur \u00d3lafsson in Arnarb\u00e6r. Speech delivered at Eyrarbakki 19. July 1896. Booklet booklet. Size: 10.5 X 16.5 cm. Publishing and printin"}},"product_brand":[],"product_cat":[83],"product_tag":[],"class_list":{"0":"post-3358","1":"product","2":"type-product","3":"status-publish","4":"has-post-thumbnail","6":"product_cat-books","7":"product_shipping_class-small-en","9":"first","10":"instock","11":"sold-individually","12":"purchasable","13":"product-type-simple"},"_links":{"self":[{"href":"https:\/\/kindart.is\/en\/wp-json\/wp\/v2\/product\/3358","targetHints":{"allow":["GET"]}}],"collection":[{"href":"https:\/\/kindart.is\/en\/wp-json\/wp\/v2\/product"}],"about":[{"href":"https:\/\/kindart.is\/en\/wp-json\/wp\/v2\/types\/product"}],"wp:featuredmedia":[{"embeddable":true,"href":"https:\/\/kindart.is\/en\/wp-json\/wp\/v2\/media\/3050"}],"wp:attachment":[{"href":"https:\/\/kindart.is\/en\/wp-json\/wp\/v2\/media?parent=3358"}],"wp:term":[{"taxonomy":"product_brand","embeddable":true,"href":"https:\/\/kindart.is\/en\/wp-json\/wp\/v2\/product_brand?post=3358"},{"taxonomy":"product_cat","embeddable":true,"href":"https:\/\/kindart.is\/en\/wp-json\/wp\/v2\/product_cat?post=3358"},{"taxonomy":"product_tag","embeddable":true,"href":"https:\/\/kindart.is\/en\/wp-json\/wp\/v2\/product_tag?post=3358"}],"curies":[{"name":"wp","href":"https:\/\/api.w.org\/{rel}","templated":true}]}}