{"id":3359,"date":"2022-02-12T04:25:22","date_gmt":"2022-03-09T11:35:18","guid":{"rendered":"https:\/\/kindart.is\/product\/more-rocks\/"},"modified":"2022-03-09T11:35:18","modified_gmt":"2022-03-09T11:35:18","slug":"more-grjot","status":"publish","type":"product","link":"https:\/\/kindart.is\/en\/vara\/more-grjot\/","title":{"rendered":"More rocks"},"content":{"rendered":"<p><strong>More rocks<\/strong> by J\u00f3hannes S. Kjarval. Essay and Address to French farmers and peasants.14.5 X 22.2 cm. 3 sheets. 46 p. Sewn. Need a coat.<\/p>\n<p><strong>Publishing and printing<\/strong> :<br \/>\nPublisher and abm. J\u00f3hannes Sveinsson Kjarval. Reykjav\u00edk 1937. \u00cdsafoldarprentsmi\u00f0ja.<\/p>\n","protected":false},"excerpt":{"rendered":"<p>More rocks by J\u00f3hannes S. Kjarval. Essay and Address to French farmers and peasants.14.5 X 22.2 cm. 3 sheets. 46 p. Sewn. Need a coat. Publishing and printing : Publisher and abm. J\u00f3hannes Sveinsson Kjarval. Reykjav\u00edk 1937. \u00cdsafoldarprentsmi\u00f0ja.<\/p>\n","protected":false},"featured_media":3046,"template":"","meta":{"slim_seo":{"title":"More rocks - KindArt","description":"More rocks by J\u00f3hannes S. Kjarval. Essay and Address to French farmers and peasants.14.5 X 22.2 cm. 3 sheets. 46 p. Sewn. Need a coat. Publishing and printing :"}},"product_brand":[],"product_cat":[83],"product_tag":[],"class_list":{"0":"post-3359","1":"product","2":"type-product","3":"status-publish","4":"has-post-thumbnail","6":"product_cat-books","7":"product_shipping_class-small-en","9":"first","10":"outofstock","11":"sold-individually","12":"purchasable","13":"product-type-simple"},"_links":{"self":[{"href":"https:\/\/kindart.is\/en\/wp-json\/wp\/v2\/product\/3359","targetHints":{"allow":["GET"]}}],"collection":[{"href":"https:\/\/kindart.is\/en\/wp-json\/wp\/v2\/product"}],"about":[{"href":"https:\/\/kindart.is\/en\/wp-json\/wp\/v2\/types\/product"}],"wp:featuredmedia":[{"embeddable":true,"href":"https:\/\/kindart.is\/en\/wp-json\/wp\/v2\/media\/3046"}],"wp:attachment":[{"href":"https:\/\/kindart.is\/en\/wp-json\/wp\/v2\/media?parent=3359"}],"wp:term":[{"taxonomy":"product_brand","embeddable":true,"href":"https:\/\/kindart.is\/en\/wp-json\/wp\/v2\/product_brand?post=3359"},{"taxonomy":"product_cat","embeddable":true,"href":"https:\/\/kindart.is\/en\/wp-json\/wp\/v2\/product_cat?post=3359"},{"taxonomy":"product_tag","embeddable":true,"href":"https:\/\/kindart.is\/en\/wp-json\/wp\/v2\/product_tag?post=3359"}],"curies":[{"name":"wp","href":"https:\/\/api.w.org\/{rel}","templated":true}]}}