{"id":3360,"date":"2022-02-12T04:23:08","date_gmt":"2022-03-09T11:35:57","guid":{"rendered":"https:\/\/kindart.is\/product\/the-free-church\/"},"modified":"2022-03-09T11:35:57","modified_gmt":"2022-03-09T11:35:57","slug":"the-free-church","status":"publish","type":"product","link":"https:\/\/kindart.is\/en\/vara\/the-free-church\/","title":{"rendered":"The Free Church"},"content":{"rendered":"<p><strong>The Free Church<\/strong> , a monthly magazine, a magazine in support of a free church and liberal Christianity. Size: 14 X 22 cm. In black shirtingsband, alband<\/p>\n<p><strong>Publishing and printing<\/strong> :<br \/>\nPublisher: L\u00e1rus Halld\u00f3rsson. Reykjav\u00edk 1899-1902. Aldar-prentsmi\u00f0ja Dav\u00ed\u00f0s \u00d6stlund 1899-1901 and Aldarprentsmi\u00f0ja L\u00e1rus Halld\u00f3rssonar 1901-1902.<\/p>\n","protected":false},"excerpt":{"rendered":"<p>The Free Church , a monthly magazine, a magazine in support of a free church and liberal Christianity. Size: 14 X 22 cm. In black shirtingsband, alband Publishing and printing : Publisher: L\u00e1rus Halld\u00f3rsson. Reykjav\u00edk 1899-1902. Aldar-prentsmi\u00f0ja Dav\u00ed\u00f0s \u00d6stlund 1899-1901 and Aldarprentsmi\u00f0ja L\u00e1rus Halld\u00f3rssonar 1901-1902.<\/p>\n","protected":false},"featured_media":3040,"template":"","meta":{"slim_seo":{"title":"The Free Church - KindArt","description":"The Free Church , a monthly magazine, a magazine in support of a free church and liberal Christianity. Size: 14 X 22 cm. In black shirtingsband, alband Publishi"}},"product_brand":[],"product_cat":[83],"product_tag":[],"class_list":{"0":"post-3360","1":"product","2":"type-product","3":"status-publish","4":"has-post-thumbnail","6":"product_cat-books","7":"product_shipping_class-small-en","9":"first","10":"instock","11":"sold-individually","12":"purchasable","13":"product-type-simple"},"_links":{"self":[{"href":"https:\/\/kindart.is\/en\/wp-json\/wp\/v2\/product\/3360","targetHints":{"allow":["GET"]}}],"collection":[{"href":"https:\/\/kindart.is\/en\/wp-json\/wp\/v2\/product"}],"about":[{"href":"https:\/\/kindart.is\/en\/wp-json\/wp\/v2\/types\/product"}],"wp:featuredmedia":[{"embeddable":true,"href":"https:\/\/kindart.is\/en\/wp-json\/wp\/v2\/media\/3040"}],"wp:attachment":[{"href":"https:\/\/kindart.is\/en\/wp-json\/wp\/v2\/media?parent=3360"}],"wp:term":[{"taxonomy":"product_brand","embeddable":true,"href":"https:\/\/kindart.is\/en\/wp-json\/wp\/v2\/product_brand?post=3360"},{"taxonomy":"product_cat","embeddable":true,"href":"https:\/\/kindart.is\/en\/wp-json\/wp\/v2\/product_cat?post=3360"},{"taxonomy":"product_tag","embeddable":true,"href":"https:\/\/kindart.is\/en\/wp-json\/wp\/v2\/product_tag?post=3360"}],"curies":[{"name":"wp","href":"https:\/\/api.w.org\/{rel}","templated":true}]}}