{"id":3362,"date":"2022-01-25T15:27:29","date_gmt":"2022-03-09T11:36:44","guid":{"rendered":"https:\/\/kindart.is\/product\/two-rhymes\/"},"modified":"2022-03-09T11:36:44","modified_gmt":"2022-03-09T11:36:44","slug":"tvaer-thulur-2","status":"publish","type":"product","link":"https:\/\/kindart.is\/en\/vara\/tvaer-thulur-2\/","title":{"rendered":"Two rhymes"},"content":{"rendered":"<p><strong>Two rhymes<\/strong> by Gu\u00f0r\u00fan J\u00f3hannsd\u00f3ttir from Brautarholt. Fate and Sigg in Sogn. The book is in demi size, 8 pages. Wire stapled in a cardboard coat.<\/p>\n<p><strong>Publishing and printing<\/strong> :<br \/>\nReykjav\u00edk 1927. H\u00f3laprentsmi\u00f0jan.<\/p>\n","protected":false},"excerpt":{"rendered":"<p>Two rhymes by Gu\u00f0r\u00fan J\u00f3hannsd\u00f3ttir from Brautarholt. Fate and Sigg in Sogn. The book is in demi size, 8 pages. Wire stapled in a cardboard coat. Publishing and printing : Reykjav\u00edk 1927. H\u00f3laprentsmi\u00f0jan.<\/p>\n","protected":false},"featured_media":3024,"template":"","meta":{"slim_seo":{"title":"Two rhymes - KindArt","description":"Two rhymes by Gu\u00f0r\u00fan J\u00f3hannsd\u00f3ttir from Brautarholt. Fate and Sigg in Sogn. The book is in demi size, 8 pages. Wire stapled in a cardboard coat. Publishing and"}},"product_brand":[],"product_cat":[83],"product_tag":[],"class_list":{"0":"post-3362","1":"product","2":"type-product","3":"status-publish","4":"has-post-thumbnail","6":"product_cat-books","7":"product_shipping_class-small-en","9":"first","10":"instock","11":"sold-individually","12":"purchasable","13":"product-type-simple"},"_links":{"self":[{"href":"https:\/\/kindart.is\/en\/wp-json\/wp\/v2\/product\/3362","targetHints":{"allow":["GET"]}}],"collection":[{"href":"https:\/\/kindart.is\/en\/wp-json\/wp\/v2\/product"}],"about":[{"href":"https:\/\/kindart.is\/en\/wp-json\/wp\/v2\/types\/product"}],"wp:featuredmedia":[{"embeddable":true,"href":"https:\/\/kindart.is\/en\/wp-json\/wp\/v2\/media\/3024"}],"wp:attachment":[{"href":"https:\/\/kindart.is\/en\/wp-json\/wp\/v2\/media?parent=3362"}],"wp:term":[{"taxonomy":"product_brand","embeddable":true,"href":"https:\/\/kindart.is\/en\/wp-json\/wp\/v2\/product_brand?post=3362"},{"taxonomy":"product_cat","embeddable":true,"href":"https:\/\/kindart.is\/en\/wp-json\/wp\/v2\/product_cat?post=3362"},{"taxonomy":"product_tag","embeddable":true,"href":"https:\/\/kindart.is\/en\/wp-json\/wp\/v2\/product_tag?post=3362"}],"curies":[{"name":"wp","href":"https:\/\/api.w.org\/{rel}","templated":true}]}}