{"id":3363,"date":"2022-01-25T15:24:01","date_gmt":"2022-03-09T11:37:09","guid":{"rendered":"https:\/\/kindart.is\/product\/a-short-summary-of-english-literary-history\/"},"modified":"2022-03-09T11:37:09","modified_gmt":"2022-03-09T11:37:09","slug":"short-agrip-of-english-literary-history","status":"publish","type":"product","link":"https:\/\/kindart.is\/en\/vara\/short-agrip-of-english-literary-history\/","title":{"rendered":"A short summary of English literary history"},"content":{"rendered":"<p><strong>A short summary of English literary history<\/strong> by Bogi \u00d3lafsson adjunct. The book is a peso, 10 pages. Size: 13.5 X 20.5, wire-bound and capless<\/p>\n<p><strong>Publishing and printing<\/strong> :<br \/>\nPublisher: Author. Reykjav\u00edk 1927. Fj\u00f6lritunarstofan \u00d3\u00f0inn.<\/p>\n","protected":false},"excerpt":{"rendered":"<p>A short summary of English literary history by Bogi \u00d3lafsson adjunct. The book is a peso, 10 pages. Size: 13.5 X 20.5, wire-bound and capless Publishing and printing : Publisher: Author. Reykjav\u00edk 1927. Fj\u00f6lritunarstofan \u00d3\u00f0inn.<\/p>\n","protected":false},"featured_media":3020,"template":"","meta":{"slim_seo":{"title":"A short summary of English literary history - KindArt","description":"A short summary of English literary history by Bogi \u00d3lafsson adjunct. The book is a peso, 10 pages. Size: 13.5 X 20.5, wire-bound and capless Publishing and pri"}},"product_brand":[],"product_cat":[83],"product_tag":[],"class_list":{"0":"post-3363","1":"product","2":"type-product","3":"status-publish","4":"has-post-thumbnail","6":"product_cat-books","7":"product_shipping_class-small-en","9":"first","10":"instock","11":"sold-individually","12":"purchasable","13":"product-type-simple"},"_links":{"self":[{"href":"https:\/\/kindart.is\/en\/wp-json\/wp\/v2\/product\/3363","targetHints":{"allow":["GET"]}}],"collection":[{"href":"https:\/\/kindart.is\/en\/wp-json\/wp\/v2\/product"}],"about":[{"href":"https:\/\/kindart.is\/en\/wp-json\/wp\/v2\/types\/product"}],"wp:featuredmedia":[{"embeddable":true,"href":"https:\/\/kindart.is\/en\/wp-json\/wp\/v2\/media\/3020"}],"wp:attachment":[{"href":"https:\/\/kindart.is\/en\/wp-json\/wp\/v2\/media?parent=3363"}],"wp:term":[{"taxonomy":"product_brand","embeddable":true,"href":"https:\/\/kindart.is\/en\/wp-json\/wp\/v2\/product_brand?post=3363"},{"taxonomy":"product_cat","embeddable":true,"href":"https:\/\/kindart.is\/en\/wp-json\/wp\/v2\/product_cat?post=3363"},{"taxonomy":"product_tag","embeddable":true,"href":"https:\/\/kindart.is\/en\/wp-json\/wp\/v2\/product_tag?post=3363"}],"curies":[{"name":"wp","href":"https:\/\/api.w.org\/{rel}","templated":true}]}}