{"id":3364,"date":"2022-01-25T15:18:49","date_gmt":"2022-03-09T11:37:35","guid":{"rendered":"https:\/\/kindart.is\/product\/the-school-newspaper\/"},"modified":"2022-03-09T11:37:35","modified_gmt":"2022-03-09T11:37:35","slug":"skolabladid-2","status":"publish","type":"product","link":"https:\/\/kindart.is\/en\/vara\/skolabladid-2\/","title":{"rendered":"The school newspaper"},"content":{"rendered":"<p><strong>Sk\u00f3labla\u00f0i\u00f0<\/strong> , 9th year, 9th issue. Pp. 129-144. &#8211; 1 sheet, 22 x 13.5 cm. to size.- Around the ark is an advertising opening.<\/p>\n<p><strong>Publishing and printing<\/strong> :<br \/>\nPublisher: Helgi Hj\u00f6rvar. Reykjav\u00edk 1919. F\u00e9lagsprentsmi\u00f0jan.<\/p>\n","protected":false},"excerpt":{"rendered":"<p>Sk\u00f3labla\u00f0i\u00f0 , 9th year, 9th issue. Pp. 129-144. &#8211; 1 sheet, 22 x 13.5 cm. to size.- Around the ark is an advertising opening. Publishing and printing : Publisher: Helgi Hj\u00f6rvar. Reykjav\u00edk 1919. F\u00e9lagsprentsmi\u00f0jan.<\/p>\n","protected":false},"featured_media":3013,"template":"","meta":{"slim_seo":{"title":"The school newspaper - KindArt","description":"Sk\u00f3labla\u00f0i\u00f0 , 9th year, 9th issue. Pp. 129-144. - 1 sheet, 22 x 13.5 cm. to size.- Around the ark is an advertising opening. Publishing and printing : Publisher"}},"product_brand":[],"product_cat":[83],"product_tag":[],"class_list":{"0":"post-3364","1":"product","2":"type-product","3":"status-publish","4":"has-post-thumbnail","6":"product_cat-books","7":"product_shipping_class-small-en","9":"first","10":"instock","11":"sold-individually","12":"purchasable","13":"product-type-simple"},"_links":{"self":[{"href":"https:\/\/kindart.is\/en\/wp-json\/wp\/v2\/product\/3364","targetHints":{"allow":["GET"]}}],"collection":[{"href":"https:\/\/kindart.is\/en\/wp-json\/wp\/v2\/product"}],"about":[{"href":"https:\/\/kindart.is\/en\/wp-json\/wp\/v2\/types\/product"}],"wp:featuredmedia":[{"embeddable":true,"href":"https:\/\/kindart.is\/en\/wp-json\/wp\/v2\/media\/3013"}],"wp:attachment":[{"href":"https:\/\/kindart.is\/en\/wp-json\/wp\/v2\/media?parent=3364"}],"wp:term":[{"taxonomy":"product_brand","embeddable":true,"href":"https:\/\/kindart.is\/en\/wp-json\/wp\/v2\/product_brand?post=3364"},{"taxonomy":"product_cat","embeddable":true,"href":"https:\/\/kindart.is\/en\/wp-json\/wp\/v2\/product_cat?post=3364"},{"taxonomy":"product_tag","embeddable":true,"href":"https:\/\/kindart.is\/en\/wp-json\/wp\/v2\/product_tag?post=3364"}],"curies":[{"name":"wp","href":"https:\/\/api.w.org\/{rel}","templated":true}]}}