{"id":3365,"date":"2022-01-25T15:11:18","date_gmt":"2022-03-09T11:37:57","guid":{"rendered":"https:\/\/kindart.is\/product\/women-differences\/"},"modified":"2022-03-09T11:37:57","modified_gmt":"2022-03-09T11:37:57","slug":"female-differences","status":"publish","type":"product","link":"https:\/\/kindart.is\/en\/vara\/female-differences\/","title":{"rendered":"Women differences"},"content":{"rendered":"<p><strong>Women difference<\/strong> by J\u00f3n Hjaltason in \u00c1rm\u00fali. The publisher says this is a poem, but I would rather say that it is Rhyme, a total of 114 verses in 10 categories. The book is small, 11 x 17.5 cm in size, 16 pages. without a coat.<\/p>\n<p><strong>Publishing and printing<\/strong> :<br \/>\nPublisher: J\u00f3n Arn\u00f3rsson \u00cdsafj\u00f6r\u00f0ur. Without year[1892-3] The printing house of \u00dej\u00f3\u00f0viljan young. Printer J\u00f3hannes Vigf\u00fasson.<br \/>\n<em>Comment<\/em> : The printing house of \u00dej\u00f3\u00f0viljans unga started in 1892, but J\u00f3hannes Vigf\u00fasson went to Vesturheimur in 1893, so it is not another year when the poem is printed. (Sv. J\u00f3h.)<\/p>\n","protected":false},"excerpt":{"rendered":"<p>Women difference by J\u00f3n Hjaltason in \u00c1rm\u00fali. The publisher says this is a poem, but I would rather say that it is Rhyme, a total of 114 verses in 10 categories. The book is small, 11 x 17.5 cm in size, 16 pages. without a coat. Publishing and printing : Publisher: J\u00f3n Arn\u00f3rsson \u00cdsafj\u00f6r\u00f0ur. Without [&hellip;]<\/p>\n","protected":false},"featured_media":3009,"template":"","meta":{"slim_seo":{"title":"Women differences - KindArt","description":"Women difference by J\u00f3n Hjaltason in \u00c1rm\u00fali. The publisher says this is a poem, but I would rather say that it is Rhyme, a total of 114 verses in 10 categories."}},"product_brand":[],"product_cat":[83],"product_tag":[],"class_list":{"0":"post-3365","1":"product","2":"type-product","3":"status-publish","4":"has-post-thumbnail","6":"product_cat-books","7":"product_shipping_class-small-en","9":"first","10":"outofstock","11":"sold-individually","12":"purchasable","13":"product-type-simple"},"_links":{"self":[{"href":"https:\/\/kindart.is\/en\/wp-json\/wp\/v2\/product\/3365","targetHints":{"allow":["GET"]}}],"collection":[{"href":"https:\/\/kindart.is\/en\/wp-json\/wp\/v2\/product"}],"about":[{"href":"https:\/\/kindart.is\/en\/wp-json\/wp\/v2\/types\/product"}],"wp:featuredmedia":[{"embeddable":true,"href":"https:\/\/kindart.is\/en\/wp-json\/wp\/v2\/media\/3009"}],"wp:attachment":[{"href":"https:\/\/kindart.is\/en\/wp-json\/wp\/v2\/media?parent=3365"}],"wp:term":[{"taxonomy":"product_brand","embeddable":true,"href":"https:\/\/kindart.is\/en\/wp-json\/wp\/v2\/product_brand?post=3365"},{"taxonomy":"product_cat","embeddable":true,"href":"https:\/\/kindart.is\/en\/wp-json\/wp\/v2\/product_cat?post=3365"},{"taxonomy":"product_tag","embeddable":true,"href":"https:\/\/kindart.is\/en\/wp-json\/wp\/v2\/product_tag?post=3365"}],"curies":[{"name":"wp","href":"https:\/\/api.w.org\/{rel}","templated":true}]}}