{"id":3366,"date":"2022-01-25T15:06:47","date_gmt":"2022-03-09T11:38:20","guid":{"rendered":"https:\/\/kindart.is\/product\/publication-by-jonas-hallgrimsson\/"},"modified":"2022-03-09T11:38:20","modified_gmt":"2022-03-09T11:38:20","slug":"rit-jonasar-hallgrimssonar-2","status":"publish","type":"product","link":"https:\/\/kindart.is\/en\/vara\/rit-jonasar-hallgrimssonar-2\/","title":{"rendered":"PUBLICATION by J\u00f3nas Hallgr\u00edmsson"},"content":{"rendered":"<p><strong>PUBLICATION by J\u00f3nas Hallgr\u00edmsson<\/strong> . Previous volume. Poetry, 3. version. J\u00f3n \u00d3lafsson and J\u00f3n Sigur\u00f0sson were in charge of the publication. The book is 328 pages. Picture of the poet at the front.<br \/>\nAlshirtingsband with decorative gold frame on the front, gold fecal leaves and printed frames on the back panel.<\/p>\n<p><strong>Publishing and printing<\/strong> :<br \/>\nHost: J\u00f3h. J\u00f3hannesson. Reykjav\u00edk 1913. The Gutenberg printing works.<\/p>\n","protected":false},"excerpt":{"rendered":"<p>PUBLICATION by J\u00f3nas Hallgr\u00edmsson . Previous volume. Poetry, 3. version. J\u00f3n \u00d3lafsson and J\u00f3n Sigur\u00f0sson were in charge of the publication. The book is 328 pages. Picture of the poet at the front. Alshirtingsband with decorative gold frame on the front, gold fecal leaves and printed frames on the back panel. Publishing and printing : [&hellip;]<\/p>\n","protected":false},"featured_media":3003,"template":"","meta":{"slim_seo":{"title":"PUBLICATION by J\u00f3nas Hallgr\u00edmsson - KindArt","description":"PUBLICATION by J\u00f3nas Hallgr\u00edmsson . Previous volume. Poetry, 3. version. J\u00f3n \u00d3lafsson and J\u00f3n Sigur\u00f0sson were in charge of the publication. The book is 328 page"}},"product_brand":[],"product_cat":[83],"product_tag":[],"class_list":{"0":"post-3366","1":"product","2":"type-product","3":"status-publish","4":"has-post-thumbnail","6":"product_cat-books","7":"product_shipping_class-small-en","9":"first","10":"instock","11":"sold-individually","12":"purchasable","13":"product-type-simple"},"_links":{"self":[{"href":"https:\/\/kindart.is\/en\/wp-json\/wp\/v2\/product\/3366","targetHints":{"allow":["GET"]}}],"collection":[{"href":"https:\/\/kindart.is\/en\/wp-json\/wp\/v2\/product"}],"about":[{"href":"https:\/\/kindart.is\/en\/wp-json\/wp\/v2\/types\/product"}],"wp:featuredmedia":[{"embeddable":true,"href":"https:\/\/kindart.is\/en\/wp-json\/wp\/v2\/media\/3003"}],"wp:attachment":[{"href":"https:\/\/kindart.is\/en\/wp-json\/wp\/v2\/media?parent=3366"}],"wp:term":[{"taxonomy":"product_brand","embeddable":true,"href":"https:\/\/kindart.is\/en\/wp-json\/wp\/v2\/product_brand?post=3366"},{"taxonomy":"product_cat","embeddable":true,"href":"https:\/\/kindart.is\/en\/wp-json\/wp\/v2\/product_cat?post=3366"},{"taxonomy":"product_tag","embeddable":true,"href":"https:\/\/kindart.is\/en\/wp-json\/wp\/v2\/product_tag?post=3366"}],"curies":[{"name":"wp","href":"https:\/\/api.w.org\/{rel}","templated":true}]}}