{"id":3367,"date":"2022-01-25T14:58:16","date_gmt":"2022-03-09T11:39:48","guid":{"rendered":"https:\/\/kindart.is\/product\/icelandic-grammar-for-beginners\/"},"modified":"2022-03-09T11:39:48","modified_gmt":"2022-03-09T11:39:48","slug":"icelandic-malfraedi-for-beginners","status":"publish","type":"product","link":"https:\/\/kindart.is\/en\/vara\/icelandic-malfraedi-for-beginners\/","title":{"rendered":"Icelandic grammar for beginners"},"content":{"rendered":"<p><strong>Icelandic grammar for beginners<\/strong> by J\u00f3nas J\u00f3nasson. 2. printing, reworked.<br \/>\nThe book is 13 x 19 cm in size, 96 pages. sewn and placed in a cardboard cover.<\/p>\n<p><strong>Publishing and printing<\/strong> :<br \/>\n\u00datg. Oddur Bj\u00f6rnsson&#8217;s bookstore. Akureyri 1910. Oddur Bj\u00f6rnsson&#8217;s printing works.<\/p>\n","protected":false},"excerpt":{"rendered":"<p>Icelandic grammar for beginners by J\u00f3nas J\u00f3nasson. 2. printing, reworked. The book is 13 x 19 cm in size, 96 pages. sewn and placed in a cardboard cover. Publishing and printing : \u00datg. Oddur Bj\u00f6rnsson&#8217;s bookstore. Akureyri 1910. Oddur Bj\u00f6rnsson&#8217;s printing works.<\/p>\n","protected":false},"featured_media":2997,"template":"","meta":{"slim_seo":{"title":"Icelandic grammar for beginners - KindArt","description":"Icelandic grammar for beginners by J\u00f3nas J\u00f3nasson. 2. printing, reworked. The book is 13 x 19 cm in size, 96 pages. sewn and placed in a cardboard cover. Publis"}},"product_brand":[],"product_cat":[83],"product_tag":[],"class_list":{"0":"post-3367","1":"product","2":"type-product","3":"status-publish","4":"has-post-thumbnail","6":"product_cat-books","7":"product_shipping_class-small-en","9":"first","10":"outofstock","11":"sold-individually","12":"purchasable","13":"product-type-simple"},"_links":{"self":[{"href":"https:\/\/kindart.is\/en\/wp-json\/wp\/v2\/product\/3367","targetHints":{"allow":["GET"]}}],"collection":[{"href":"https:\/\/kindart.is\/en\/wp-json\/wp\/v2\/product"}],"about":[{"href":"https:\/\/kindart.is\/en\/wp-json\/wp\/v2\/types\/product"}],"wp:featuredmedia":[{"embeddable":true,"href":"https:\/\/kindart.is\/en\/wp-json\/wp\/v2\/media\/2997"}],"wp:attachment":[{"href":"https:\/\/kindart.is\/en\/wp-json\/wp\/v2\/media?parent=3367"}],"wp:term":[{"taxonomy":"product_brand","embeddable":true,"href":"https:\/\/kindart.is\/en\/wp-json\/wp\/v2\/product_brand?post=3367"},{"taxonomy":"product_cat","embeddable":true,"href":"https:\/\/kindart.is\/en\/wp-json\/wp\/v2\/product_cat?post=3367"},{"taxonomy":"product_tag","embeddable":true,"href":"https:\/\/kindart.is\/en\/wp-json\/wp\/v2\/product_tag?post=3367"}],"curies":[{"name":"wp","href":"https:\/\/api.w.org\/{rel}","templated":true}]}}