{"id":3368,"date":"2022-01-25T14:52:20","date_gmt":"2022-03-09T11:40:36","guid":{"rendered":"https:\/\/kindart.is\/product\/fjallarosir-and-morgunbjarmi\/"},"modified":"2022-03-09T11:40:36","modified_gmt":"2022-03-09T11:40:36","slug":"mountain-roses-and-morning-brightness","status":"publish","type":"product","link":"https:\/\/kindart.is\/en\/vara\/mountain-roses-and-morning-brightness\/","title":{"rendered":"Fjallar\u00f3sir and Morgunbjarmi"},"content":{"rendered":"<p><strong>Fjallar\u00f3sir and Morgunbjarmi<\/strong> , two collections of poetry together in a book. Fjallar\u00f3sir by Jens S\u00e6mundsson, 22 poems. Morgunbjarmi by Magn\u00fas G\u00edslason, 23 poems and one story. The book is 64 pages. 12.5 x 19 cm, sewn, in a blue cardboard cover.<\/p>\n<p><strong>Publishing and printing<\/strong> :<br \/>\nReykjav\u00edk 1906. The Gutenberg printing works.<\/p>\n","protected":false},"excerpt":{"rendered":"<p>Fjallar\u00f3sir and Morgunbjarmi , two collections of poetry together in a book. Fjallar\u00f3sir by Jens S\u00e6mundsson, 22 poems. Morgunbjarmi by Magn\u00fas G\u00edslason, 23 poems and one story. The book is 64 pages. 12.5 x 19 cm, sewn, in a blue cardboard cover. Publishing and printing : Reykjav\u00edk 1906. The Gutenberg printing works.<\/p>\n","protected":false},"featured_media":2991,"template":"","meta":{"slim_seo":{"title":"Fjallar\u00f3sir and Morgunbjarmi - KindArt","description":"Fjallar\u00f3sir and Morgunbjarmi , two collections of poetry together in a book. Fjallar\u00f3sir by Jens S\u00e6mundsson, 22 poems. Morgunbjarmi by Magn\u00fas G\u00edslason, 23 poems"}},"product_brand":[],"product_cat":[83],"product_tag":[],"class_list":{"0":"post-3368","1":"product","2":"type-product","3":"status-publish","4":"has-post-thumbnail","6":"product_cat-books","7":"product_shipping_class-small-en","9":"first","10":"outofstock","11":"sold-individually","12":"purchasable","13":"product-type-simple"},"_links":{"self":[{"href":"https:\/\/kindart.is\/en\/wp-json\/wp\/v2\/product\/3368","targetHints":{"allow":["GET"]}}],"collection":[{"href":"https:\/\/kindart.is\/en\/wp-json\/wp\/v2\/product"}],"about":[{"href":"https:\/\/kindart.is\/en\/wp-json\/wp\/v2\/types\/product"}],"wp:featuredmedia":[{"embeddable":true,"href":"https:\/\/kindart.is\/en\/wp-json\/wp\/v2\/media\/2991"}],"wp:attachment":[{"href":"https:\/\/kindart.is\/en\/wp-json\/wp\/v2\/media?parent=3368"}],"wp:term":[{"taxonomy":"product_brand","embeddable":true,"href":"https:\/\/kindart.is\/en\/wp-json\/wp\/v2\/product_brand?post=3368"},{"taxonomy":"product_cat","embeddable":true,"href":"https:\/\/kindart.is\/en\/wp-json\/wp\/v2\/product_cat?post=3368"},{"taxonomy":"product_tag","embeddable":true,"href":"https:\/\/kindart.is\/en\/wp-json\/wp\/v2\/product_tag?post=3368"}],"curies":[{"name":"wp","href":"https:\/\/api.w.org\/{rel}","templated":true}]}}