{"id":3369,"date":"2022-01-25T14:44:28","date_gmt":"2022-03-09T11:41:34","guid":{"rendered":"https:\/\/kindart.is\/product\/spiritual-independence\/"},"modified":"2022-03-09T11:41:34","modified_gmt":"2022-03-09T11:41:34","slug":"spiritual-independent","status":"publish","type":"product","link":"https:\/\/kindart.is\/en\/vara\/spiritual-independent\/","title":{"rendered":"Spiritual independence"},"content":{"rendered":"<p><strong>Spiritual Independence<\/strong> by Robert Ingersoll. Pjetur G. Gu\u00f0mundsson bookbinder translated. He also wrote a short biography of the author, who is at the forefront of the book. The book is 14.5 X 21.7 or what is called Demi size, loosely sewn but glued to the keel. Capless.<\/p>\n<p><strong>Publishing and printing<\/strong> :<br \/>\nPublisher: Translator. Reykjav\u00edk 1927. Fj\u00f6lritunarstofa Pjetur G. Gu\u00f0mundssonar.<\/p>\n","protected":false},"excerpt":{"rendered":"<p>Spiritual Independence by Robert Ingersoll. Pjetur G. Gu\u00f0mundsson bookbinder translated. He also wrote a short biography of the author, who is at the forefront of the book. The book is 14.5 X 21.7 or what is called Demi size, loosely sewn but glued to the keel. Capless. Publishing and printing : Publisher: Translator. Reykjav\u00edk 1927. [&hellip;]<\/p>\n","protected":false},"featured_media":2985,"template":"","meta":{"slim_seo":{"title":"Spiritual independence - KindArt","description":"Spiritual Independence by Robert Ingersoll. Pjetur G. Gu\u00f0mundsson bookbinder translated. He also wrote a short biography of the author, who is at the forefront"}},"product_brand":[],"product_cat":[83],"product_tag":[],"class_list":{"0":"post-3369","1":"product","2":"type-product","3":"status-publish","4":"has-post-thumbnail","6":"product_cat-books","7":"product_shipping_class-small-en","9":"first","10":"outofstock","11":"sold-individually","12":"purchasable","13":"product-type-simple"},"_links":{"self":[{"href":"https:\/\/kindart.is\/en\/wp-json\/wp\/v2\/product\/3369","targetHints":{"allow":["GET"]}}],"collection":[{"href":"https:\/\/kindart.is\/en\/wp-json\/wp\/v2\/product"}],"about":[{"href":"https:\/\/kindart.is\/en\/wp-json\/wp\/v2\/types\/product"}],"wp:featuredmedia":[{"embeddable":true,"href":"https:\/\/kindart.is\/en\/wp-json\/wp\/v2\/media\/2985"}],"wp:attachment":[{"href":"https:\/\/kindart.is\/en\/wp-json\/wp\/v2\/media?parent=3369"}],"wp:term":[{"taxonomy":"product_brand","embeddable":true,"href":"https:\/\/kindart.is\/en\/wp-json\/wp\/v2\/product_brand?post=3369"},{"taxonomy":"product_cat","embeddable":true,"href":"https:\/\/kindart.is\/en\/wp-json\/wp\/v2\/product_cat?post=3369"},{"taxonomy":"product_tag","embeddable":true,"href":"https:\/\/kindart.is\/en\/wp-json\/wp\/v2\/product_tag?post=3369"}],"curies":[{"name":"wp","href":"https:\/\/api.w.org\/{rel}","templated":true}]}}