{"id":3370,"date":"2022-01-25T14:34:11","date_gmt":"2022-03-09T11:41:35","guid":{"rendered":"https:\/\/kindart.is\/product\/the-homeland-above-all\/"},"modified":"2022-03-09T11:41:35","modified_gmt":"2022-03-09T11:41:35","slug":"aettjordin-above-all","status":"publish","type":"product","link":"https:\/\/kindart.is\/en\/vara\/aettjordin-above-all\/","title":{"rendered":"The homeland above all"},"content":{"rendered":"<p><strong>The family land above all or J\u00fcrg Jenatsch<\/strong> . A story from B\u00fcnden. Bjarni J\u00f3nsson from Vogur has Icelandic. The book is in Crown fold, 12 x 18 cm. to size, 287 pages, bound in shirting on keel and corner. Gold on keel.<\/p>\n<p><strong>Publishing and printing<\/strong> :<br \/>\nPublisher or sponsor \u00de.\u00de. Clementz. Reykjav\u00edk 1916. Prentsmi\u00f0ja \u00de.\u00de. Clementz.<\/p>\n","protected":false},"excerpt":{"rendered":"<p>The family land above all or J\u00fcrg Jenatsch . A story from B\u00fcnden. Bjarni J\u00f3nsson from Vogur has Icelandic. The book is in Crown fold, 12 x 18 cm. to size, 287 pages, bound in shirting on keel and corner. Gold on keel. Publishing and printing : Publisher or sponsor \u00de.\u00de. Clementz. Reykjav\u00edk 1916. Prentsmi\u00f0ja [&hellip;]<\/p>\n","protected":false},"featured_media":2979,"template":"","meta":{"slim_seo":{"title":"The homeland above all - KindArt","description":"The family land above all or J\u00fcrg Jenatsch . A story from B\u00fcnden. Bjarni J\u00f3nsson from Vogur has Icelandic. The book is in Crown fold, 12 x 18 cm. to size, 287 p"}},"product_brand":[],"product_cat":[83],"product_tag":[],"class_list":{"0":"post-3370","1":"product","2":"type-product","3":"status-publish","4":"has-post-thumbnail","6":"product_cat-books","7":"product_shipping_class-small-en","9":"first","10":"outofstock","11":"sold-individually","12":"purchasable","13":"product-type-simple"},"_links":{"self":[{"href":"https:\/\/kindart.is\/en\/wp-json\/wp\/v2\/product\/3370","targetHints":{"allow":["GET"]}}],"collection":[{"href":"https:\/\/kindart.is\/en\/wp-json\/wp\/v2\/product"}],"about":[{"href":"https:\/\/kindart.is\/en\/wp-json\/wp\/v2\/types\/product"}],"wp:featuredmedia":[{"embeddable":true,"href":"https:\/\/kindart.is\/en\/wp-json\/wp\/v2\/media\/2979"}],"wp:attachment":[{"href":"https:\/\/kindart.is\/en\/wp-json\/wp\/v2\/media?parent=3370"}],"wp:term":[{"taxonomy":"product_brand","embeddable":true,"href":"https:\/\/kindart.is\/en\/wp-json\/wp\/v2\/product_brand?post=3370"},{"taxonomy":"product_cat","embeddable":true,"href":"https:\/\/kindart.is\/en\/wp-json\/wp\/v2\/product_cat?post=3370"},{"taxonomy":"product_tag","embeddable":true,"href":"https:\/\/kindart.is\/en\/wp-json\/wp\/v2\/product_tag?post=3370"}],"curies":[{"name":"wp","href":"https:\/\/api.w.org\/{rel}","templated":true}]}}