{"id":3372,"date":"2022-01-22T19:29:15","date_gmt":"2022-03-09T11:42:24","guid":{"rendered":"https:\/\/kindart.is\/product\/rhymes-by-reimar-and-fal-enum-strong\/"},"modified":"2022-03-09T11:42:24","modified_gmt":"2022-03-09T11:42:24","slug":"rimur-af-reimari-og-fal-enum-sterka-2","status":"publish","type":"product","link":"https:\/\/kindart.is\/en\/vara\/rimur-af-reimari-og-fal-enum-sterka-2\/","title":{"rendered":"Rhymes by Reimar and Fal enum strong"},"content":{"rendered":"<p><strong>Rhymes by Reimar and Fal enum sterka<\/strong> , sung by H\u00e1kon H\u00e1konarson in Brokey 1832. Second edition. The book is 120 pages. sewn and placed in a thin coat, but the coat is missing from the front.<\/p>\n<p><strong>Publishing and printing<\/strong> :<br \/>\nHost: Sk\u00fali Thoroddsen. Bessasta\u00f0ir 1906. \u00dej\u00f3\u00f0viljan&#8217;s printing works<\/p>\n","protected":false},"excerpt":{"rendered":"<p>Rhymes by Reimar and Fal enum sterka , sung by H\u00e1kon H\u00e1konarson in Brokey 1832. Second edition. The book is 120 pages. sewn and placed in a thin coat, but the coat is missing from the front. Publishing and printing : Host: Sk\u00fali Thoroddsen. Bessasta\u00f0ir 1906. \u00dej\u00f3\u00f0viljan&#8217;s printing works<\/p>\n","protected":false},"featured_media":2968,"template":"","meta":{"slim_seo":{"title":"Rhymes by Reimar and Fal enum strong - KindArt","description":"Rhymes by Reimar and Fal enum sterka , sung by H\u00e1kon H\u00e1konarson in Brokey 1832. Second edition. The book is 120 pages. sewn and placed in a thin coat, but the c"}},"product_brand":[],"product_cat":[83],"product_tag":[],"class_list":{"0":"post-3372","1":"product","2":"type-product","3":"status-publish","4":"has-post-thumbnail","6":"product_cat-books","7":"product_shipping_class-small-en","9":"first","10":"outofstock","11":"sold-individually","12":"purchasable","13":"product-type-simple"},"_links":{"self":[{"href":"https:\/\/kindart.is\/en\/wp-json\/wp\/v2\/product\/3372","targetHints":{"allow":["GET"]}}],"collection":[{"href":"https:\/\/kindart.is\/en\/wp-json\/wp\/v2\/product"}],"about":[{"href":"https:\/\/kindart.is\/en\/wp-json\/wp\/v2\/types\/product"}],"wp:featuredmedia":[{"embeddable":true,"href":"https:\/\/kindart.is\/en\/wp-json\/wp\/v2\/media\/2968"}],"wp:attachment":[{"href":"https:\/\/kindart.is\/en\/wp-json\/wp\/v2\/media?parent=3372"}],"wp:term":[{"taxonomy":"product_brand","embeddable":true,"href":"https:\/\/kindart.is\/en\/wp-json\/wp\/v2\/product_brand?post=3372"},{"taxonomy":"product_cat","embeddable":true,"href":"https:\/\/kindart.is\/en\/wp-json\/wp\/v2\/product_cat?post=3372"},{"taxonomy":"product_tag","embeddable":true,"href":"https:\/\/kindart.is\/en\/wp-json\/wp\/v2\/product_tag?post=3372"}],"curies":[{"name":"wp","href":"https:\/\/api.w.org\/{rel}","templated":true}]}}