{"id":3375,"date":"2022-01-22T19:15:13","date_gmt":"2022-03-09T11:43:34","guid":{"rendered":"https:\/\/kindart.is\/product\/rhymes-by-viglund-and-ketilridur\/"},"modified":"2022-03-09T11:43:34","modified_gmt":"2022-03-09T11:43:34","slug":"rimur-af-viglundi-og-ketilridi-2","status":"publish","type":"product","link":"https:\/\/kindart.is\/en\/vara\/rimur-af-viglundi-og-ketilridi-2\/","title":{"rendered":"Rhymes by V\u00edglund and Ketilr\u00ed\u00f0ur"},"content":{"rendered":"<p><strong>Rhymes by V\u00edglund and Ketilr\u00ed\u00f0ur<\/strong> , sung by Sigur\u00f0ur Brei\u00f0fj\u00f6r\u00f0. Second edition. The book is 110 pages. Bound in shirting, keel and corner, rather fluffy copy, but intact.<\/p>\n<p><strong>Publishing and printing<\/strong> :<br \/>\nHost: Sk\u00fali Thoroddsen. Bessasta\u00f0ir 1905. \u00dej\u00f3\u00f0viljan&#8217;s printing works.<\/p>\n","protected":false},"excerpt":{"rendered":"<p>Rhymes by V\u00edglund and Ketilr\u00ed\u00f0ur , sung by Sigur\u00f0ur Brei\u00f0fj\u00f6r\u00f0. Second edition. The book is 110 pages. Bound in shirting, keel and corner, rather fluffy copy, but intact. Publishing and printing : Host: Sk\u00fali Thoroddsen. Bessasta\u00f0ir 1905. \u00dej\u00f3\u00f0viljan&#8217;s printing works.<\/p>\n","protected":false},"featured_media":2955,"template":"","meta":{"slim_seo":{"title":"Rhymes by V\u00edglund and Ketilr\u00ed\u00f0ur - KindArt","description":"Rhymes by V\u00edglund and Ketilr\u00ed\u00f0ur , sung by Sigur\u00f0ur Brei\u00f0fj\u00f6r\u00f0. Second edition. The book is 110 pages. Bound in shirting, keel and corner, rather fluffy copy, b"}},"product_brand":[],"product_cat":[83],"product_tag":[],"class_list":{"0":"post-3375","1":"product","2":"type-product","3":"status-publish","4":"has-post-thumbnail","6":"product_cat-books","7":"product_shipping_class-small-en","9":"first","10":"instock","11":"sold-individually","12":"purchasable","13":"product-type-simple"},"_links":{"self":[{"href":"https:\/\/kindart.is\/en\/wp-json\/wp\/v2\/product\/3375","targetHints":{"allow":["GET"]}}],"collection":[{"href":"https:\/\/kindart.is\/en\/wp-json\/wp\/v2\/product"}],"about":[{"href":"https:\/\/kindart.is\/en\/wp-json\/wp\/v2\/types\/product"}],"wp:featuredmedia":[{"embeddable":true,"href":"https:\/\/kindart.is\/en\/wp-json\/wp\/v2\/media\/2955"}],"wp:attachment":[{"href":"https:\/\/kindart.is\/en\/wp-json\/wp\/v2\/media?parent=3375"}],"wp:term":[{"taxonomy":"product_brand","embeddable":true,"href":"https:\/\/kindart.is\/en\/wp-json\/wp\/v2\/product_brand?post=3375"},{"taxonomy":"product_cat","embeddable":true,"href":"https:\/\/kindart.is\/en\/wp-json\/wp\/v2\/product_cat?post=3375"},{"taxonomy":"product_tag","embeddable":true,"href":"https:\/\/kindart.is\/en\/wp-json\/wp\/v2\/product_tag?post=3375"}],"curies":[{"name":"wp","href":"https:\/\/api.w.org\/{rel}","templated":true}]}}