{"id":3376,"date":"2022-01-22T19:09:04","date_gmt":"2022-03-09T11:43:57","guid":{"rendered":"https:\/\/kindart.is\/product\/a-few-short-poems\/"},"modified":"2022-03-09T11:43:57","modified_gmt":"2022-03-09T11:43:57","slug":"nokkur-smakvaedi-2","status":"publish","type":"product","link":"https:\/\/kindart.is\/en\/vara\/nokkur-smakvaedi-2\/","title":{"rendered":"A few short poems"},"content":{"rendered":"<p><strong>Some short poems<\/strong> by \u00d3l\u00f6f Sigur\u00f0ard\u00f3ttir. Attached: One short story, translated from Danish. The book is 72 pages. tied in genuine goatskin on keel and horns, gold-plated. Size: 9 X 13.7 cm.<\/p>\n<p><strong>Publishing and printing<\/strong> :<br \/>\nReykjav\u00edk 1888. Sigf\u00fas Eymundsson&#8217;s and Sigur\u00f0ur J\u00f3nsson&#8217;s printing works.<\/p>\n","protected":false},"excerpt":{"rendered":"<p>Some short poems by \u00d3l\u00f6f Sigur\u00f0ard\u00f3ttir. Attached: One short story, translated from Danish. The book is 72 pages. tied in genuine goatskin on keel and horns, gold-plated. Size: 9 X 13.7 cm. Publishing and printing : Reykjav\u00edk 1888. Sigf\u00fas Eymundsson&#8217;s and Sigur\u00f0ur J\u00f3nsson&#8217;s printing works.<\/p>\n","protected":false},"featured_media":2950,"template":"","meta":{"slim_seo":{"title":"A few short poems - KindArt","description":"Some short poems by \u00d3l\u00f6f Sigur\u00f0ard\u00f3ttir. Attached: One short story, translated from Danish. The book is 72 pages. tied in genuine goatskin on keel and horns, go"}},"product_brand":[],"product_cat":[83],"product_tag":[],"class_list":{"0":"post-3376","1":"product","2":"type-product","3":"status-publish","4":"has-post-thumbnail","6":"product_cat-books","7":"product_shipping_class-small-en","9":"first","10":"outofstock","11":"sold-individually","12":"purchasable","13":"product-type-simple"},"_links":{"self":[{"href":"https:\/\/kindart.is\/en\/wp-json\/wp\/v2\/product\/3376","targetHints":{"allow":["GET"]}}],"collection":[{"href":"https:\/\/kindart.is\/en\/wp-json\/wp\/v2\/product"}],"about":[{"href":"https:\/\/kindart.is\/en\/wp-json\/wp\/v2\/types\/product"}],"wp:featuredmedia":[{"embeddable":true,"href":"https:\/\/kindart.is\/en\/wp-json\/wp\/v2\/media\/2950"}],"wp:attachment":[{"href":"https:\/\/kindart.is\/en\/wp-json\/wp\/v2\/media?parent=3376"}],"wp:term":[{"taxonomy":"product_brand","embeddable":true,"href":"https:\/\/kindart.is\/en\/wp-json\/wp\/v2\/product_brand?post=3376"},{"taxonomy":"product_cat","embeddable":true,"href":"https:\/\/kindart.is\/en\/wp-json\/wp\/v2\/product_cat?post=3376"},{"taxonomy":"product_tag","embeddable":true,"href":"https:\/\/kindart.is\/en\/wp-json\/wp\/v2\/product_tag?post=3376"}],"curies":[{"name":"wp","href":"https:\/\/api.w.org\/{rel}","templated":true}]}}