{"id":3377,"date":"2022-01-22T19:04:57","date_gmt":"2022-03-09T11:44:23","guid":{"rendered":"https:\/\/kindart.is\/product\/a-few-rhymes\/"},"modified":"2022-03-09T11:44:23","modified_gmt":"2022-03-09T11:44:23","slug":"some-straps","status":"publish","type":"product","link":"https:\/\/kindart.is\/en\/vara\/some-straps\/","title":{"rendered":"A few rhymes"},"content":{"rendered":"<p><strong>A few rhymes<\/strong> after various:<br \/>\nRejection hymn by L\u00fd\u00f0 J\u00f3nsson, 45 verses.<br \/>\nA heartfelt poem of sorrow, 24 verses.<br \/>\nRhyme by an English student, 156 verses.<br \/>\nJannesar-rhyme by Gu\u00f0mund Berg\u00fe\u00f3rsson, 86 verses.<br \/>\nL\u00e1ka poems by Gu\u00f0mundur Berg\u00fe\u00f3rsson, 27 verses.<br \/>\nSolitary verses attributed to Sir Ben. J\u00f3nsson on bjarnarnes. 25 verses.<br \/>\nRhyme by one Farmer&#8217;s Wife, 105 verses.<br \/>\nSome European examples by PJ V\u00eddal\u00edn, Dalas\u00fdsla sheriff. 30 verses.<\/p>\n<p>The book is 72 pages. sewn, with a shirt binding on the keel and corner and upholstery, but the book is loose in the binding.<\/p>\n<p><strong>Publishing and printing<\/strong> :<br \/>\nPublisher: Sigur\u00f0ur Erlendsson bookseller. Reykjav\u00edk 1906. Fr\u00e6korna printing works.<\/p>\n","protected":false},"excerpt":{"rendered":"<p>A few rhymes after various: Rejection hymn by L\u00fd\u00f0 J\u00f3nsson, 45 verses. A heartfelt poem of sorrow, 24 verses. Rhyme by an English student, 156 verses. Jannesar-rhyme by Gu\u00f0mund Berg\u00fe\u00f3rsson, 86 verses. L\u00e1ka poems by Gu\u00f0mundur Berg\u00fe\u00f3rsson, 27 verses. Solitary verses attributed to Sir Ben. J\u00f3nsson on bjarnarnes. 25 verses. Rhyme by one Farmer&#8217;s Wife, [&hellip;]<\/p>\n","protected":false},"featured_media":2946,"template":"","meta":{"slim_seo":{"title":"A few rhymes - KindArt","description":"A few rhymes after various: Rejection hymn by L\u00fd\u00f0 J\u00f3nsson, 45 verses. A heartfelt poem of sorrow, 24 verses. Rhyme by an English student, 156 verses. Jannesar-r"}},"product_brand":[],"product_cat":[83],"product_tag":[],"class_list":{"0":"post-3377","1":"product","2":"type-product","3":"status-publish","4":"has-post-thumbnail","6":"product_cat-books","7":"product_shipping_class-small-en","9":"first","10":"instock","11":"sold-individually","12":"purchasable","13":"product-type-simple"},"_links":{"self":[{"href":"https:\/\/kindart.is\/en\/wp-json\/wp\/v2\/product\/3377","targetHints":{"allow":["GET"]}}],"collection":[{"href":"https:\/\/kindart.is\/en\/wp-json\/wp\/v2\/product"}],"about":[{"href":"https:\/\/kindart.is\/en\/wp-json\/wp\/v2\/types\/product"}],"wp:featuredmedia":[{"embeddable":true,"href":"https:\/\/kindart.is\/en\/wp-json\/wp\/v2\/media\/2946"}],"wp:attachment":[{"href":"https:\/\/kindart.is\/en\/wp-json\/wp\/v2\/media?parent=3377"}],"wp:term":[{"taxonomy":"product_brand","embeddable":true,"href":"https:\/\/kindart.is\/en\/wp-json\/wp\/v2\/product_brand?post=3377"},{"taxonomy":"product_cat","embeddable":true,"href":"https:\/\/kindart.is\/en\/wp-json\/wp\/v2\/product_cat?post=3377"},{"taxonomy":"product_tag","embeddable":true,"href":"https:\/\/kindart.is\/en\/wp-json\/wp\/v2\/product_tag?post=3377"}],"curies":[{"name":"wp","href":"https:\/\/api.w.org\/{rel}","templated":true}]}}