{"id":3378,"date":"2022-01-22T18:57:42","date_gmt":"2022-03-09T11:44:46","guid":{"rendered":"https:\/\/kindart.is\/product\/the-mother-book\/"},"modified":"2022-03-09T11:44:46","modified_gmt":"2022-03-09T11:44:46","slug":"maedrabokin-2","status":"publish","type":"product","link":"https:\/\/kindart.is\/en\/vara\/maedrabokin-2\/","title":{"rendered":"The mother book"},"content":{"rendered":"<p><strong>The Mother<\/strong> &#8216;s Book, The Care of Healthy Children by Professor Dr. Svenn Monrad, chief physician at Queen Lov\u00edsa&#8217;s Children&#8217;s Hospital. Dr. Bj\u00f6rn G. Bl\u00f6ndal translated the book. It is 136 pages. in demi-size, sewn and placed in a cardboard cover.<\/p>\n<p><strong>Publishing and printing<\/strong> :<br \/>\nThe publisher and publisher is Dr. Hinrik Thorarensen. Siglufj\u00f6r\u00f0ur 1925. Printed in Siglufjar\u00f0arprentsmi\u00f0ja and the cover Prentsmi\u00f0ja Bj\u00f6rn J\u00f3nssonar Akureyri.<\/p>\n","protected":false},"excerpt":{"rendered":"<p>The Mother &#8216;s Book, The Care of Healthy Children by Professor Dr. Svenn Monrad, chief physician at Queen Lov\u00edsa&#8217;s Children&#8217;s Hospital. Dr. Bj\u00f6rn G. Bl\u00f6ndal translated the book. It is 136 pages. in demi-size, sewn and placed in a cardboard cover. Publishing and printing : The publisher and publisher is Dr. Hinrik Thorarensen. Siglufj\u00f6r\u00f0ur 1925. [&hellip;]<\/p>\n","protected":false},"featured_media":3309,"template":"","meta":{"slim_seo":{"title":"The mother book - KindArt","description":"The Mother 's Book, The Care of Healthy Children by Professor Dr. Svenn Monrad, chief physician at Queen Lov\u00edsa's Children's Hospital. Dr. Bj\u00f6rn G. Bl\u00f6ndal tran"}},"product_brand":[],"product_cat":[83],"product_tag":[],"class_list":{"0":"post-3378","1":"product","2":"type-product","3":"status-publish","4":"has-post-thumbnail","6":"product_cat-books","7":"product_shipping_class-small-en","9":"first","10":"instock","11":"sold-individually","12":"purchasable","13":"product-type-simple"},"_links":{"self":[{"href":"https:\/\/kindart.is\/en\/wp-json\/wp\/v2\/product\/3378","targetHints":{"allow":["GET"]}}],"collection":[{"href":"https:\/\/kindart.is\/en\/wp-json\/wp\/v2\/product"}],"about":[{"href":"https:\/\/kindart.is\/en\/wp-json\/wp\/v2\/types\/product"}],"wp:featuredmedia":[{"embeddable":true,"href":"https:\/\/kindart.is\/en\/wp-json\/wp\/v2\/media\/3309"}],"wp:attachment":[{"href":"https:\/\/kindart.is\/en\/wp-json\/wp\/v2\/media?parent=3378"}],"wp:term":[{"taxonomy":"product_brand","embeddable":true,"href":"https:\/\/kindart.is\/en\/wp-json\/wp\/v2\/product_brand?post=3378"},{"taxonomy":"product_cat","embeddable":true,"href":"https:\/\/kindart.is\/en\/wp-json\/wp\/v2\/product_cat?post=3378"},{"taxonomy":"product_tag","embeddable":true,"href":"https:\/\/kindart.is\/en\/wp-json\/wp\/v2\/product_tag?post=3378"}],"curies":[{"name":"wp","href":"https:\/\/api.w.org\/{rel}","templated":true}]}}