{"id":3379,"date":"2022-01-22T18:54:08","date_gmt":"2022-03-09T11:45:09","guid":{"rendered":"https:\/\/kindart.is\/product\/poetry\/"},"modified":"2022-03-09T11:45:09","modified_gmt":"2022-03-09T11:45:09","slug":"ljodmaeli-3","status":"publish","type":"product","link":"https:\/\/kindart.is\/en\/vara\/ljodmaeli-3\/","title":{"rendered":"Poetry"},"content":{"rendered":"<p><strong>Poetry by P\u00e1l \u00d3lafsson<\/strong> . I. bindi. His brother J\u00f3n \u00d3lafsson writes the foreword. Photo by author. The book is in a volume, size 16.5 X 10 cm. Tied in shirting on keel and corner. Tissue paper torn. Invalid.<\/p>\n<p><strong>Publishing and printing<\/strong> :<br \/>\nPublisher: J\u00f3n \u00d3lafsson. Reykjav\u00edk 1899. Century Printing Workshop.<\/p>\n","protected":false},"excerpt":{"rendered":"<p>Poetry by P\u00e1l \u00d3lafsson . I. bindi. His brother J\u00f3n \u00d3lafsson writes the foreword. Photo by author. The book is in a volume, size 16.5 X 10 cm. Tied in shirting on keel and corner. Tissue paper torn. Invalid. Publishing and printing : Publisher: J\u00f3n \u00d3lafsson. Reykjav\u00edk 1899. Century Printing Workshop.<\/p>\n","protected":false},"featured_media":2935,"template":"","meta":{"slim_seo":{"title":"Poetry - KindArt","description":"Poetry by P\u00e1l \u00d3lafsson . I. bindi. His brother J\u00f3n \u00d3lafsson writes the foreword. Photo by author. The book is in a volume, size 16.5 X 10 cm. Tied in shirting o"}},"product_brand":[],"product_cat":[83],"product_tag":[],"class_list":{"0":"post-3379","1":"product","2":"type-product","3":"status-publish","4":"has-post-thumbnail","6":"product_cat-books","7":"product_shipping_class-small-en","9":"first","10":"outofstock","11":"sold-individually","12":"purchasable","13":"product-type-simple"},"_links":{"self":[{"href":"https:\/\/kindart.is\/en\/wp-json\/wp\/v2\/product\/3379","targetHints":{"allow":["GET"]}}],"collection":[{"href":"https:\/\/kindart.is\/en\/wp-json\/wp\/v2\/product"}],"about":[{"href":"https:\/\/kindart.is\/en\/wp-json\/wp\/v2\/types\/product"}],"wp:featuredmedia":[{"embeddable":true,"href":"https:\/\/kindart.is\/en\/wp-json\/wp\/v2\/media\/2935"}],"wp:attachment":[{"href":"https:\/\/kindart.is\/en\/wp-json\/wp\/v2\/media?parent=3379"}],"wp:term":[{"taxonomy":"product_brand","embeddable":true,"href":"https:\/\/kindart.is\/en\/wp-json\/wp\/v2\/product_brand?post=3379"},{"taxonomy":"product_cat","embeddable":true,"href":"https:\/\/kindart.is\/en\/wp-json\/wp\/v2\/product_cat?post=3379"},{"taxonomy":"product_tag","embeddable":true,"href":"https:\/\/kindart.is\/en\/wp-json\/wp\/v2\/product_tag?post=3379"}],"curies":[{"name":"wp","href":"https:\/\/api.w.org\/{rel}","templated":true}]}}