{"id":3380,"date":"2022-01-22T18:49:45","date_gmt":"2022-03-09T11:45:46","guid":{"rendered":"https:\/\/kindart.is\/product\/through-surf-and-preaching\/"},"modified":"2022-03-09T11:45:46","modified_gmt":"2022-03-09T11:45:46","slug":"through-surf-and-boda","status":"publish","type":"product","link":"https:\/\/kindart.is\/en\/vara\/through-surf-and-boda\/","title":{"rendered":"Through surf and preaching"},"content":{"rendered":"<p><strong>Through surf and preaching<\/strong> . A novel about Icelandic material by Karl Andersen. Janus J\u00f3nsson translated. The book is broken but unbound and poorly sewn without a cover. Whole otherwise.<\/p>\n<p><strong>Publishing and printing<\/strong> :<br \/>\nTreasurer, Sigur\u00f0ur Kristj\u00e1nsson, \u00cdsafj\u00f6r\u00f0ur 1898. The printing house of \u00dej\u00f3\u00f0viljan young.<\/p>\n","protected":false},"excerpt":{"rendered":"<p>Through surf and preaching . A novel about Icelandic material by Karl Andersen. Janus J\u00f3nsson translated. The book is broken but unbound and poorly sewn without a cover. Whole otherwise. Publishing and printing : Treasurer, Sigur\u00f0ur Kristj\u00e1nsson, \u00cdsafj\u00f6r\u00f0ur 1898. The printing house of \u00dej\u00f3\u00f0viljan young.<\/p>\n","protected":false},"featured_media":2930,"template":"","meta":{"slim_seo":{"title":"Through surf and preaching - KindArt","description":"Through surf and preaching . A novel about Icelandic material by Karl Andersen. Janus J\u00f3nsson translated. The book is broken but unbound and poorly sewn without"}},"product_brand":[],"product_cat":[83],"product_tag":[],"class_list":{"0":"post-3380","1":"product","2":"type-product","3":"status-publish","4":"has-post-thumbnail","6":"product_cat-books","7":"product_shipping_class-small-en","9":"first","10":"instock","11":"sold-individually","12":"purchasable","13":"product-type-simple"},"_links":{"self":[{"href":"https:\/\/kindart.is\/en\/wp-json\/wp\/v2\/product\/3380","targetHints":{"allow":["GET"]}}],"collection":[{"href":"https:\/\/kindart.is\/en\/wp-json\/wp\/v2\/product"}],"about":[{"href":"https:\/\/kindart.is\/en\/wp-json\/wp\/v2\/types\/product"}],"wp:featuredmedia":[{"embeddable":true,"href":"https:\/\/kindart.is\/en\/wp-json\/wp\/v2\/media\/2930"}],"wp:attachment":[{"href":"https:\/\/kindart.is\/en\/wp-json\/wp\/v2\/media?parent=3380"}],"wp:term":[{"taxonomy":"product_brand","embeddable":true,"href":"https:\/\/kindart.is\/en\/wp-json\/wp\/v2\/product_brand?post=3380"},{"taxonomy":"product_cat","embeddable":true,"href":"https:\/\/kindart.is\/en\/wp-json\/wp\/v2\/product_cat?post=3380"},{"taxonomy":"product_tag","embeddable":true,"href":"https:\/\/kindart.is\/en\/wp-json\/wp\/v2\/product_tag?post=3380"}],"curies":[{"name":"wp","href":"https:\/\/api.w.org\/{rel}","templated":true}]}}