{"id":3381,"date":"2022-01-22T18:44:49","date_gmt":"2022-03-09T11:46:08","guid":{"rendered":"https:\/\/kindart.is\/product\/poems-by-david-ostlund\/"},"modified":"2022-03-09T11:46:08","modified_gmt":"2022-03-09T11:46:08","slug":"poems-by-david-ostlund","status":"publish","type":"product","link":"https:\/\/kindart.is\/en\/vara\/poems-by-david-ostlund\/","title":{"rendered":"Poems by David \u00d6stlund"},"content":{"rendered":"<p><strong>Poems by David \u00d6stlund<\/strong> &#8211; Poems by Dav\u00ed\u00f0 \u00d6stlund printer printed in Swedish. The book is 12 X 18 cm, 136 pages. and tied in a green shirting band at the keel and corner, dressed in black decorative trim. Invalid.<br \/>\n<strong>Publishing and printing<\/strong> :<br \/>\nThe author&#8217;s publisher. Reykjav\u00edk 1902. Printed at Aldar-trykkeriet (Aldar-printsmi\u00f0ju)<\/p>\n","protected":false},"excerpt":{"rendered":"<p>Poems by David \u00d6stlund &#8211; Poems by Dav\u00ed\u00f0 \u00d6stlund printer printed in Swedish. The book is 12 X 18 cm, 136 pages. and tied in a green shirting band at the keel and corner, dressed in black decorative trim. Invalid. Publishing and printing : The author&#8217;s publisher. Reykjav\u00edk 1902. Printed at Aldar-trykkeriet (Aldar-printsmi\u00f0ju)<\/p>\n","protected":false},"featured_media":2926,"template":"","meta":{"slim_seo":{"title":"Poems by David \u00d6stlund - KindArt","description":"Poems by David \u00d6stlund - Poems by Dav\u00ed\u00f0 \u00d6stlund printer printed in Swedish. The book is 12 X 18 cm, 136 pages. and tied in a green shirting band at the keel and"}},"product_brand":[],"product_cat":[83],"product_tag":[],"class_list":{"0":"post-3381","1":"product","2":"type-product","3":"status-publish","4":"has-post-thumbnail","6":"product_cat-books","7":"product_shipping_class-small-en","9":"first","10":"outofstock","11":"sold-individually","12":"purchasable","13":"product-type-simple"},"_links":{"self":[{"href":"https:\/\/kindart.is\/en\/wp-json\/wp\/v2\/product\/3381","targetHints":{"allow":["GET"]}}],"collection":[{"href":"https:\/\/kindart.is\/en\/wp-json\/wp\/v2\/product"}],"about":[{"href":"https:\/\/kindart.is\/en\/wp-json\/wp\/v2\/types\/product"}],"wp:featuredmedia":[{"embeddable":true,"href":"https:\/\/kindart.is\/en\/wp-json\/wp\/v2\/media\/2926"}],"wp:attachment":[{"href":"https:\/\/kindart.is\/en\/wp-json\/wp\/v2\/media?parent=3381"}],"wp:term":[{"taxonomy":"product_brand","embeddable":true,"href":"https:\/\/kindart.is\/en\/wp-json\/wp\/v2\/product_brand?post=3381"},{"taxonomy":"product_cat","embeddable":true,"href":"https:\/\/kindart.is\/en\/wp-json\/wp\/v2\/product_cat?post=3381"},{"taxonomy":"product_tag","embeddable":true,"href":"https:\/\/kindart.is\/en\/wp-json\/wp\/v2\/product_tag?post=3381"}],"curies":[{"name":"wp","href":"https:\/\/api.w.org\/{rel}","templated":true}]}}