{"id":3382,"date":"2022-01-15T11:53:23","date_gmt":"2022-03-09T11:46:31","guid":{"rendered":"https:\/\/kindart.is\/product\/new-parliamentary-rhymes\/"},"modified":"2022-03-09T11:46:31","modified_gmt":"2022-03-09T11:46:31","slug":"nyjar-thingrimur-2","status":"publish","type":"product","link":"https:\/\/kindart.is\/en\/vara\/nyjar-thingrimur-2\/","title":{"rendered":"New parliamentary rhymes"},"content":{"rendered":"<p>New parliamentary rhymes by Kolskegg, (\u00c1sgeir PH Hraundal). Tight, but loose in the coat.<\/p>\n<p><strong>Publishing and printing<\/strong> :<br \/>\nPublisher: \u00c1sgeir Gu\u00f0mundsson.<br \/>\nReykjav\u00edk 1933. \u00c1sgeir Gu\u00f0mundsson&#8217;s printing works.<\/p>\n","protected":false},"excerpt":{"rendered":"<p>New parliamentary rhymes by Kolskegg, (\u00c1sgeir PH Hraundal). Tight, but loose in the coat. Publishing and printing : Publisher: \u00c1sgeir Gu\u00f0mundsson. Reykjav\u00edk 1933. \u00c1sgeir Gu\u00f0mundsson&#8217;s printing works.<\/p>\n","protected":false},"featured_media":2922,"template":"","meta":{"slim_seo":{"title":"New parliamentary rhymes - KindArt","description":"New parliamentary rhymes by Kolskegg, (\u00c1sgeir PH Hraundal). Tight, but loose in the coat. Publishing and printing : Publisher: \u00c1sgeir Gu\u00f0mundsson. Reykjav\u00edk 193"}},"product_brand":[],"product_cat":[83],"product_tag":[],"class_list":{"0":"post-3382","1":"product","2":"type-product","3":"status-publish","4":"has-post-thumbnail","6":"product_cat-books","7":"product_shipping_class-small-en","9":"first","10":"instock","11":"sold-individually","12":"purchasable","13":"product-type-simple"},"_links":{"self":[{"href":"https:\/\/kindart.is\/en\/wp-json\/wp\/v2\/product\/3382","targetHints":{"allow":["GET"]}}],"collection":[{"href":"https:\/\/kindart.is\/en\/wp-json\/wp\/v2\/product"}],"about":[{"href":"https:\/\/kindart.is\/en\/wp-json\/wp\/v2\/types\/product"}],"wp:featuredmedia":[{"embeddable":true,"href":"https:\/\/kindart.is\/en\/wp-json\/wp\/v2\/media\/2922"}],"wp:attachment":[{"href":"https:\/\/kindart.is\/en\/wp-json\/wp\/v2\/media?parent=3382"}],"wp:term":[{"taxonomy":"product_brand","embeddable":true,"href":"https:\/\/kindart.is\/en\/wp-json\/wp\/v2\/product_brand?post=3382"},{"taxonomy":"product_cat","embeddable":true,"href":"https:\/\/kindart.is\/en\/wp-json\/wp\/v2\/product_cat?post=3382"},{"taxonomy":"product_tag","embeddable":true,"href":"https:\/\/kindart.is\/en\/wp-json\/wp\/v2\/product_tag?post=3382"}],"curies":[{"name":"wp","href":"https:\/\/api.w.org\/{rel}","templated":true}]}}