{"id":3383,"date":"2022-01-15T11:49:17","date_gmt":"2022-03-09T11:47:23","guid":{"rendered":"https:\/\/kindart.is\/product\/icelandic-murder\/"},"modified":"2022-03-09T11:47:23","modified_gmt":"2022-03-09T11:47:23","slug":"islendingadrapa-2","status":"publish","type":"product","link":"https:\/\/kindart.is\/en\/vara\/islendingadrapa-2\/","title":{"rendered":"Icelandic murder"},"content":{"rendered":"<p>Icelandic murder by \u00deorleif J\u00f3nsson, Skinnasta\u00f0aprest. This poem was first published in the newspaper Nor\u00f0anfari in Akureyri a few years before 1884 and then probably below the issue. The book is in small fragments approx. 10 x 14 cm. 40 p. &#8211; Sewn and tied in black all-over ribbon. Gold on the front, keel and year on the back.<\/p>\n<p><strong>Publishing and printing<\/strong> :<br \/>\nPublished by the author. Akureyri 1884. Nor\u00f0anfari printing works. There are many indications that the book has been photocopied and bound in later years, although this is not mentioned.<\/p>\n","protected":false},"excerpt":{"rendered":"<p>Icelandic murder by \u00deorleif J\u00f3nsson, Skinnasta\u00f0aprest. This poem was first published in the newspaper Nor\u00f0anfari in Akureyri a few years before 1884 and then probably below the issue. The book is in small fragments approx. 10 x 14 cm. 40 p. &#8211; Sewn and tied in black all-over ribbon. Gold on the front, keel and [&hellip;]<\/p>\n","protected":false},"featured_media":2918,"template":"","meta":{"slim_seo":{"title":"Icelandic murder - KindArt","description":"Icelandic murder by \u00deorleif J\u00f3nsson, Skinnasta\u00f0aprest. This poem was first published in the newspaper Nor\u00f0anfari in Akureyri a few years before 1884 and then pr"}},"product_brand":[],"product_cat":[83],"product_tag":[],"class_list":{"0":"post-3383","1":"product","2":"type-product","3":"status-publish","4":"has-post-thumbnail","6":"product_cat-books","7":"product_shipping_class-small-en","9":"first","10":"outofstock","11":"sold-individually","12":"purchasable","13":"product-type-simple"},"_links":{"self":[{"href":"https:\/\/kindart.is\/en\/wp-json\/wp\/v2\/product\/3383","targetHints":{"allow":["GET"]}}],"collection":[{"href":"https:\/\/kindart.is\/en\/wp-json\/wp\/v2\/product"}],"about":[{"href":"https:\/\/kindart.is\/en\/wp-json\/wp\/v2\/types\/product"}],"wp:featuredmedia":[{"embeddable":true,"href":"https:\/\/kindart.is\/en\/wp-json\/wp\/v2\/media\/2918"}],"wp:attachment":[{"href":"https:\/\/kindart.is\/en\/wp-json\/wp\/v2\/media?parent=3383"}],"wp:term":[{"taxonomy":"product_brand","embeddable":true,"href":"https:\/\/kindart.is\/en\/wp-json\/wp\/v2\/product_brand?post=3383"},{"taxonomy":"product_cat","embeddable":true,"href":"https:\/\/kindart.is\/en\/wp-json\/wp\/v2\/product_cat?post=3383"},{"taxonomy":"product_tag","embeddable":true,"href":"https:\/\/kindart.is\/en\/wp-json\/wp\/v2\/product_tag?post=3383"}],"curies":[{"name":"wp","href":"https:\/\/api.w.org\/{rel}","templated":true}]}}